{"id":5859,"date":"2022-03-07T11:47:42","date_gmt":"2022-03-07T11:47:42","guid":{"rendered":"https:\/\/signiflowdev.wpengine.com\/academy\/pagina-principal-academia\/"},"modified":"2026-04-13T19:18:37","modified_gmt":"2026-04-13T19:18:37","slug":"pagina-principal-academia","status":"publish","type":"page","link":"https:\/\/www.signiflow.com\/academy\/es\/","title":{"rendered":"Pagina Principal"},"content":{"rendered":"<div id=\"cs-content\" class=\"cs-content\"><\/div>\n","protected":false},"excerpt":{"rendered":"<p>Convi\u00e9rtase en un Ninja de SigniFlow Conozca los entresijos de SigniFlow a trav&eacute;s de nuestros tutoriales.SearchSubmitClearV.2025 &#8211; V.2026V.2024 and olderP\u00e1gina De Capacitaci\u00f3n B\u00e1sica De Usuarios Esta secci\u00f3n cubre todos los aspectos b\u00e1sicos que necesita saber para registrarse como usuario de SigniFlow y comenzar a usar la herramienta de firma electr\u00f3nica &#8230; <a href=\"https:\/\/www.signiflow.com\/academy\/es\/\" class=\"more-link\">Read More<\/a><\/p>\n","protected":false},"author":29,"featured_media":0,"parent":0,"menu_order":6,"comment_status":"closed","ping_status":"closed","template":"template-blank-4.php","meta":{"footnotes":""},"class_list":["post-5859","page","type-page","status-publish","hentry","no-post-thumbnail"],"yoast_head":"<!-- This site is optimized with the Yoast SEO Premium plugin v25.3 (Yoast SEO v27.5) - https:\/\/yoast.com\/product\/yoast-seo-premium-wordpress\/ -->\n<title>Pagina Principal - SigniFlow \u00ae - Academy<\/title>\n<meta name=\"robots\" content=\"index, follow, max-snippet:-1, max-image-preview:large, max-video-preview:-1\" \/>\n<link rel=\"canonical\" href=\"https:\/\/www.signiflow.com\/academy\/es\/pagina-principal-academia\/\" \/>\n<meta property=\"og:locale\" content=\"es_ES\" \/>\n<meta property=\"og:type\" content=\"article\" \/>\n<meta property=\"og:title\" content=\"Pagina Principal\" \/>\n<meta property=\"og:description\" content=\"Convi\u00e9rtase en un Ninja de SigniFlow Conozca los entresijos de SigniFlow a trav&eacute;s de nuestros tutoriales.SearchSubmitClearV.2025 - V.2026V.2024 and olderP\u00e1gina De Capacitaci\u00f3n B\u00e1sica De Usuarios Esta secci\u00f3n cubre todos los aspectos b\u00e1sicos que necesita saber para registrarse como usuario de SigniFlow y comenzar a usar la herramienta de firma electr\u00f3nica ... Read More\" \/>\n<meta property=\"og:url\" content=\"https:\/\/www.signiflow.com\/academy\/es\/pagina-principal-academia\/\" \/>\n<meta property=\"og:site_name\" content=\"SigniFlow \u00ae - Academy\" \/>\n<meta property=\"article:modified_time\" content=\"2026-04-13T19:18:37+00:00\" \/>\n<meta property=\"og:image\" content=\"https:\/\/www.signiflow.com\/academy\/wp-content\/uploads\/sites\/3\/2021\/12\/GRADUATE-NINJA-2-300x300-1-300x300.png\" \/>\n<meta name=\"twitter:card\" content=\"summary_large_image\" \/>\n<meta name=\"twitter:image\" content=\"https:\/\/www.signiflow.com\/academy\/wp-content\/uploads\/sites\/3\/2021\/12\/GRADUATE-NINJA-2-300x300-1.png\" \/>\n<meta name=\"twitter:label1\" content=\"Tiempo de lectura\" \/>\n\t<meta name=\"twitter:data1\" content=\"1 minuto\" \/>\n<script type=\"application\/ld+json\" class=\"yoast-schema-graph\">{\"@context\":\"https:\\\/\\\/schema.org\",\"@graph\":[{\"@type\":\"WebPage\",\"@id\":\"https:\\\/\\\/www.signiflow.com\\\/academy\\\/es\\\/pagina-principal-academia\\\/\",\"url\":\"https:\\\/\\\/www.signiflow.com\\\/academy\\\/es\\\/pagina-principal-academia\\\/\",\"name\":\"Pagina Principal - SigniFlow \u00ae - Academy\",\"isPartOf\":{\"@id\":\"https:\\\/\\\/www.signiflow.com\\\/academy\\\/#website\"},\"datePublished\":\"2022-03-07T11:47:42+00:00\",\"dateModified\":\"2026-04-13T19:18:37+00:00\",\"breadcrumb\":{\"@id\":\"https:\\\/\\\/www.signiflow.com\\\/academy\\\/es\\\/pagina-principal-academia\\\/#breadcrumb\"},\"inLanguage\":\"es\",\"potentialAction\":[{\"@type\":\"ReadAction\",\"target\":[\"https:\\\/\\\/www.signiflow.com\\\/academy\\\/es\\\/pagina-principal-academia\\\/\"]}]},{\"@type\":\"BreadcrumbList\",\"@id\":\"https:\\\/\\\/www.signiflow.com\\\/academy\\\/es\\\/pagina-principal-academia\\\/#breadcrumb\",\"itemListElement\":[{\"@type\":\"ListItem\",\"position\":1,\"name\":\"Home\",\"item\":\"https:\\\/\\\/www.signiflow.com\\\/academy\\\/es\\\/pagina-principal-academia\\\/\"},{\"@type\":\"ListItem\",\"position\":2,\"name\":\"Pagina Principal\"}]},{\"@type\":\"WebSite\",\"@id\":\"https:\\\/\\\/www.signiflow.com\\\/academy\\\/#website\",\"url\":\"https:\\\/\\\/www.signiflow.com\\\/academy\\\/\",\"name\":\"SigniFlow \u00ae - Academy\",\"description\":\"Digital and Electronic Signature Workflow\",\"potentialAction\":[{\"@type\":\"SearchAction\",\"target\":{\"@type\":\"EntryPoint\",\"urlTemplate\":\"https:\\\/\\\/www.signiflow.com\\\/academy\\\/?s={search_term_string}\"},\"query-input\":{\"@type\":\"PropertyValueSpecification\",\"valueRequired\":true,\"valueName\":\"search_term_string\"}}],\"inLanguage\":\"es\"}]}<\/script>\n<!-- \/ Yoast SEO Premium plugin. -->","yoast_head_json":{"title":"Pagina Principal - SigniFlow \u00ae - Academy","robots":{"index":"index","follow":"follow","max-snippet":"max-snippet:-1","max-image-preview":"max-image-preview:large","max-video-preview":"max-video-preview:-1"},"canonical":"https:\/\/www.signiflow.com\/academy\/es\/pagina-principal-academia\/","og_locale":"es_ES","og_type":"article","og_title":"Pagina Principal","og_description":"Convi\u00e9rtase en un Ninja de SigniFlow Conozca los entresijos de SigniFlow a trav&eacute;s de nuestros tutoriales.SearchSubmitClearV.2025 - V.2026V.2024 and olderP\u00e1gina De Capacitaci\u00f3n B\u00e1sica De Usuarios Esta secci\u00f3n cubre todos los aspectos b\u00e1sicos que necesita saber para registrarse como usuario de SigniFlow y comenzar a usar la herramienta de firma electr\u00f3nica ... Read More","og_url":"https:\/\/www.signiflow.com\/academy\/es\/pagina-principal-academia\/","og_site_name":"SigniFlow \u00ae - Academy","article_modified_time":"2026-04-13T19:18:37+00:00","og_image":[{"url":"https:\/\/www.signiflow.com\/academy\/wp-content\/uploads\/sites\/3\/2021\/12\/GRADUATE-NINJA-2-300x300-1-300x300.png","type":"","width":"","height":""}],"twitter_card":"summary_large_image","twitter_image":"https:\/\/www.signiflow.com\/academy\/wp-content\/uploads\/sites\/3\/2021\/12\/GRADUATE-NINJA-2-300x300-1.png","twitter_misc":{"Tiempo de lectura":"1 minuto"},"schema":{"@context":"https:\/\/schema.org","@graph":[{"@type":"WebPage","@id":"https:\/\/www.signiflow.com\/academy\/es\/pagina-principal-academia\/","url":"https:\/\/www.signiflow.com\/academy\/es\/pagina-principal-academia\/","name":"Pagina Principal - SigniFlow \u00ae - Academy","isPartOf":{"@id":"https:\/\/www.signiflow.com\/academy\/#website"},"datePublished":"2022-03-07T11:47:42+00:00","dateModified":"2026-04-13T19:18:37+00:00","breadcrumb":{"@id":"https:\/\/www.signiflow.com\/academy\/es\/pagina-principal-academia\/#breadcrumb"},"inLanguage":"es","potentialAction":[{"@type":"ReadAction","target":["https:\/\/www.signiflow.com\/academy\/es\/pagina-principal-academia\/"]}]},{"@type":"BreadcrumbList","@id":"https:\/\/www.signiflow.com\/academy\/es\/pagina-principal-academia\/#breadcrumb","itemListElement":[{"@type":"ListItem","position":1,"name":"Home","item":"https:\/\/www.signiflow.com\/academy\/es\/pagina-principal-academia\/"},{"@type":"ListItem","position":2,"name":"Pagina Principal"}]},{"@type":"WebSite","@id":"https:\/\/www.signiflow.com\/academy\/#website","url":"https:\/\/www.signiflow.com\/academy\/","name":"SigniFlow \u00ae - Academy","description":"Digital and Electronic Signature Workflow","potentialAction":[{"@type":"SearchAction","target":{"@type":"EntryPoint","urlTemplate":"https:\/\/www.signiflow.com\/academy\/?s={search_term_string}"},"query-input":{"@type":"PropertyValueSpecification","valueRequired":true,"valueName":"search_term_string"}}],"inLanguage":"es"}]}},"_links":{"self":[{"href":"https:\/\/www.signiflow.com\/academy\/es\/wp-json\/wp\/v2\/pages\/5859","targetHints":{"allow":["GET"]}}],"collection":[{"href":"https:\/\/www.signiflow.com\/academy\/es\/wp-json\/wp\/v2\/pages"}],"about":[{"href":"https:\/\/www.signiflow.com\/academy\/es\/wp-json\/wp\/v2\/types\/page"}],"author":[{"embeddable":true,"href":"https:\/\/www.signiflow.com\/academy\/es\/wp-json\/wp\/v2\/users\/29"}],"replies":[{"embeddable":true,"href":"https:\/\/www.signiflow.com\/academy\/es\/wp-json\/wp\/v2\/comments?post=5859"}],"version-history":[{"count":0,"href":"https:\/\/www.signiflow.com\/academy\/es\/wp-json\/wp\/v2\/pages\/5859\/revisions"}],"wp:attachment":[{"href":"https:\/\/www.signiflow.com\/academy\/es\/wp-json\/wp\/v2\/media?parent=5859"}],"curies":[{"name":"wp","href":"https:\/\/api.w.org\/{rel}","templated":true}]}}