{"id":6106,"date":"2022-03-10T08:36:08","date_gmt":"2022-03-10T08:36:08","guid":{"rendered":"https:\/\/signiflowdev.wpengine.com\/academy\/el-perfil\/"},"modified":"2025-02-06T11:44:06","modified_gmt":"2025-02-06T11:44:06","slug":"el-perfil","status":"publish","type":"page","link":"https:\/\/www.signiflow.com\/academy\/es\/basic-user-training\/el-perfil\/","title":{"rendered":"El Perfil"},"content":{"rendered":"<div id=\"cs-content\" class=\"cs-content\"><\/div>\n","protected":false},"excerpt":{"rendered":"<p>HomeV.2024 and olderV.2025 Enhanced WorkflowEl Perfil La secci\u00f3n del Perfil de su cuenta de SigniFlow se accede desde la barra de men\u00fa del lado izquierdo y es esencialmente una visi\u00f3n general de su cuenta.M\u00f3dulos del Curso Course ModulesLa pantalla de Inicio de Sesi\u00f3nCambiar el Idioma Olvid\u00e9 la contrase\u00f1a Activaci\u00f3n de &#8230; <a href=\"https:\/\/www.signiflow.com\/academy\/es\/basic-user-training\/el-perfil\/\" class=\"more-link\">Read More<\/a><\/p>\n","protected":false},"author":29,"featured_media":5442,"parent":6104,"menu_order":1,"comment_status":"closed","ping_status":"closed","template":"template-blank-4.php","meta":{"footnotes":""},"class_list":["post-6106","page","type-page","status-publish","has-post-thumbnail","hentry"],"yoast_head":"<!-- This site is optimized with the Yoast SEO Premium plugin v25.3 (Yoast SEO v27.2) - https:\/\/yoast.com\/product\/yoast-seo-premium-wordpress\/ -->\n<title>Profile - SigniFlow \u00ae - Academy<\/title>\n<meta name=\"description\" content=\"La secci\u00f3n del Perfil de su cuenta de SigniFlow se accede desde la barra de men\u00fa del lado izquierdo y es esencialmente una visi\u00f3n general de su cuenta.\" \/>\n<meta name=\"robots\" content=\"index, follow, max-snippet:-1, max-image-preview:large, max-video-preview:-1\" \/>\n<link rel=\"canonical\" href=\"https:\/\/www.signiflow.com\/academy\/es\/basic-user-training\/el-perfil\/\" \/>\n<meta property=\"og:locale\" content=\"es_ES\" \/>\n<meta property=\"og:type\" content=\"article\" \/>\n<meta property=\"og:title\" content=\"Profile - SigniFlow \u00ae - Academy\" \/>\n<meta property=\"og:description\" content=\"La secci\u00f3n del Perfil de su cuenta de SigniFlow se accede desde la barra de men\u00fa del lado izquierdo y es esencialmente una visi\u00f3n general de su cuenta.\" \/>\n<meta property=\"og:url\" content=\"https:\/\/www.signiflow.com\/academy\/es\/basic-user-training\/el-perfil\/\" \/>\n<meta property=\"og:site_name\" content=\"SigniFlow \u00ae - Academy\" \/>\n<meta property=\"article:modified_time\" content=\"2025-02-06T11:44:06+00:00\" \/>\n<meta property=\"og:image\" content=\"https:\/\/www.signiflow.com\/academy\/wp-content\/uploads\/sites\/3\/2022\/01\/profiles_250x300.png\" \/>\n\t<meta property=\"og:image:width\" content=\"300\" \/>\n\t<meta property=\"og:image:height\" content=\"250\" \/>\n\t<meta property=\"og:image:type\" content=\"image\/png\" \/>\n<meta name=\"twitter:card\" content=\"summary_large_image\" \/>\n<meta name=\"twitter:title\" content=\"Profile - SigniFlow \u00ae - Academy\" \/>\n<meta name=\"twitter:description\" content=\"La secci\u00f3n del Perfil de su cuenta de SigniFlow se accede desde la barra de men\u00fa del lado izquierdo y es esencialmente una visi\u00f3n general de su cuenta.\" \/>\n<meta name=\"twitter:label1\" content=\"Tiempo de lectura\" \/>\n\t<meta name=\"twitter:data1\" content=\"7 minutos\" \/>\n<script type=\"application\/ld+json\" class=\"yoast-schema-graph\">{\"@context\":\"https:\/\/schema.org\",\"@graph\":[{\"@type\":\"WebPage\",\"@id\":\"https:\/\/www.signiflow.com\/academy\/es\/basic-user-training\/el-perfil\/\",\"url\":\"https:\/\/www.signiflow.com\/academy\/es\/basic-user-training\/el-perfil\/\",\"name\":\"Profile - SigniFlow \u00ae - Academy\",\"isPartOf\":{\"@id\":\"https:\/\/www.signiflow.com\/academy\/#website\"},\"primaryImageOfPage\":{\"@id\":\"https:\/\/www.signiflow.com\/academy\/es\/basic-user-training\/el-perfil\/#primaryimage\"},\"image\":{\"@id\":\"https:\/\/www.signiflow.com\/academy\/es\/basic-user-training\/el-perfil\/#primaryimage\"},\"thumbnailUrl\":\"https:\/\/www.signiflow.com\/academy\/wp-content\/uploads\/sites\/3\/2022\/01\/profiles_250x300.png\",\"datePublished\":\"2022-03-10T08:36:08+00:00\",\"dateModified\":\"2025-02-06T11:44:06+00:00\",\"description\":\"La secci\u00f3n del Perfil de su cuenta de SigniFlow se accede desde la barra de men\u00fa del lado izquierdo y es esencialmente una visi\u00f3n general de su cuenta.\",\"breadcrumb\":{\"@id\":\"https:\/\/www.signiflow.com\/academy\/es\/basic-user-training\/el-perfil\/#breadcrumb\"},\"inLanguage\":\"es\",\"potentialAction\":[{\"@type\":\"ReadAction\",\"target\":[\"https:\/\/www.signiflow.com\/academy\/es\/basic-user-training\/el-perfil\/\"]}]},{\"@type\":\"ImageObject\",\"inLanguage\":\"es\",\"@id\":\"https:\/\/www.signiflow.com\/academy\/es\/basic-user-training\/el-perfil\/#primaryimage\",\"url\":\"https:\/\/www.signiflow.com\/academy\/wp-content\/uploads\/sites\/3\/2022\/01\/profiles_250x300.png\",\"contentUrl\":\"https:\/\/www.signiflow.com\/academy\/wp-content\/uploads\/sites\/3\/2022\/01\/profiles_250x300.png\",\"width\":300,\"height\":250,\"caption\":\"Basic User Training - The Profile\"},{\"@type\":\"BreadcrumbList\",\"@id\":\"https:\/\/www.signiflow.com\/academy\/es\/basic-user-training\/el-perfil\/#breadcrumb\",\"itemListElement\":[{\"@type\":\"ListItem\",\"position\":1,\"name\":\"Home\",\"item\":\"https:\/\/www.signiflow.com\/academy\/es\/pagina-principal-academia\/\"},{\"@type\":\"ListItem\",\"position\":2,\"name\":\"Capacitaci\u00f3n B\u00e1sica de Usuarios\",\"item\":\"https:\/\/www.signiflow.com\/academy\/es\/basic-user-training\/\"},{\"@type\":\"ListItem\",\"position\":3,\"name\":\"El Perfil\"}]},{\"@type\":\"WebSite\",\"@id\":\"https:\/\/www.signiflow.com\/academy\/#website\",\"url\":\"https:\/\/www.signiflow.com\/academy\/\",\"name\":\"SigniFlow \u00ae - Academy\",\"description\":\"Digital and Electronic Signature Workflow\",\"potentialAction\":[{\"@type\":\"SearchAction\",\"target\":{\"@type\":\"EntryPoint\",\"urlTemplate\":\"https:\/\/www.signiflow.com\/academy\/?s={search_term_string}\"},\"query-input\":{\"@type\":\"PropertyValueSpecification\",\"valueRequired\":true,\"valueName\":\"search_term_string\"}}],\"inLanguage\":\"es\"}]}<\/script>\n<!-- \/ Yoast SEO Premium plugin. -->","yoast_head_json":{"title":"Profile - SigniFlow \u00ae - Academy","description":"La secci\u00f3n del Perfil de su cuenta de SigniFlow se accede desde la barra de men\u00fa del lado izquierdo y es esencialmente una visi\u00f3n general de su cuenta.","robots":{"index":"index","follow":"follow","max-snippet":"max-snippet:-1","max-image-preview":"max-image-preview:large","max-video-preview":"max-video-preview:-1"},"canonical":"https:\/\/www.signiflow.com\/academy\/es\/basic-user-training\/el-perfil\/","og_locale":"es_ES","og_type":"article","og_title":"Profile - SigniFlow \u00ae - Academy","og_description":"La secci\u00f3n del Perfil de su cuenta de SigniFlow se accede desde la barra de men\u00fa del lado izquierdo y es esencialmente una visi\u00f3n general de su cuenta.","og_url":"https:\/\/www.signiflow.com\/academy\/es\/basic-user-training\/el-perfil\/","og_site_name":"SigniFlow \u00ae - Academy","article_modified_time":"2025-02-06T11:44:06+00:00","og_image":[{"width":300,"height":250,"url":"https:\/\/www.signiflow.com\/academy\/wp-content\/uploads\/sites\/3\/2022\/01\/profiles_250x300.png","type":"image\/png"}],"twitter_card":"summary_large_image","twitter_title":"Profile - SigniFlow \u00ae - Academy","twitter_description":"La secci\u00f3n del Perfil de su cuenta de SigniFlow se accede desde la barra de men\u00fa del lado izquierdo y es esencialmente una visi\u00f3n general de su cuenta.","twitter_misc":{"Tiempo de lectura":"7 minutos"},"schema":{"@context":"https:\/\/schema.org","@graph":[{"@type":"WebPage","@id":"https:\/\/www.signiflow.com\/academy\/es\/basic-user-training\/el-perfil\/","url":"https:\/\/www.signiflow.com\/academy\/es\/basic-user-training\/el-perfil\/","name":"Profile - SigniFlow \u00ae - Academy","isPartOf":{"@id":"https:\/\/www.signiflow.com\/academy\/#website"},"primaryImageOfPage":{"@id":"https:\/\/www.signiflow.com\/academy\/es\/basic-user-training\/el-perfil\/#primaryimage"},"image":{"@id":"https:\/\/www.signiflow.com\/academy\/es\/basic-user-training\/el-perfil\/#primaryimage"},"thumbnailUrl":"https:\/\/www.signiflow.com\/academy\/wp-content\/uploads\/sites\/3\/2022\/01\/profiles_250x300.png","datePublished":"2022-03-10T08:36:08+00:00","dateModified":"2025-02-06T11:44:06+00:00","description":"La secci\u00f3n del Perfil de su cuenta de SigniFlow se accede desde la barra de men\u00fa del lado izquierdo y es esencialmente una visi\u00f3n general de su cuenta.","breadcrumb":{"@id":"https:\/\/www.signiflow.com\/academy\/es\/basic-user-training\/el-perfil\/#breadcrumb"},"inLanguage":"es","potentialAction":[{"@type":"ReadAction","target":["https:\/\/www.signiflow.com\/academy\/es\/basic-user-training\/el-perfil\/"]}]},{"@type":"ImageObject","inLanguage":"es","@id":"https:\/\/www.signiflow.com\/academy\/es\/basic-user-training\/el-perfil\/#primaryimage","url":"https:\/\/www.signiflow.com\/academy\/wp-content\/uploads\/sites\/3\/2022\/01\/profiles_250x300.png","contentUrl":"https:\/\/www.signiflow.com\/academy\/wp-content\/uploads\/sites\/3\/2022\/01\/profiles_250x300.png","width":300,"height":250,"caption":"Basic User Training - The Profile"},{"@type":"BreadcrumbList","@id":"https:\/\/www.signiflow.com\/academy\/es\/basic-user-training\/el-perfil\/#breadcrumb","itemListElement":[{"@type":"ListItem","position":1,"name":"Home","item":"https:\/\/www.signiflow.com\/academy\/es\/pagina-principal-academia\/"},{"@type":"ListItem","position":2,"name":"Capacitaci\u00f3n B\u00e1sica de Usuarios","item":"https:\/\/www.signiflow.com\/academy\/es\/basic-user-training\/"},{"@type":"ListItem","position":3,"name":"El Perfil"}]},{"@type":"WebSite","@id":"https:\/\/www.signiflow.com\/academy\/#website","url":"https:\/\/www.signiflow.com\/academy\/","name":"SigniFlow \u00ae - Academy","description":"Digital and Electronic Signature Workflow","potentialAction":[{"@type":"SearchAction","target":{"@type":"EntryPoint","urlTemplate":"https:\/\/www.signiflow.com\/academy\/?s={search_term_string}"},"query-input":{"@type":"PropertyValueSpecification","valueRequired":true,"valueName":"search_term_string"}}],"inLanguage":"es"}]}},"_links":{"self":[{"href":"https:\/\/www.signiflow.com\/academy\/es\/wp-json\/wp\/v2\/pages\/6106","targetHints":{"allow":["GET"]}}],"collection":[{"href":"https:\/\/www.signiflow.com\/academy\/es\/wp-json\/wp\/v2\/pages"}],"about":[{"href":"https:\/\/www.signiflow.com\/academy\/es\/wp-json\/wp\/v2\/types\/page"}],"author":[{"embeddable":true,"href":"https:\/\/www.signiflow.com\/academy\/es\/wp-json\/wp\/v2\/users\/29"}],"replies":[{"embeddable":true,"href":"https:\/\/www.signiflow.com\/academy\/es\/wp-json\/wp\/v2\/comments?post=6106"}],"version-history":[{"count":0,"href":"https:\/\/www.signiflow.com\/academy\/es\/wp-json\/wp\/v2\/pages\/6106\/revisions"}],"up":[{"embeddable":true,"href":"https:\/\/www.signiflow.com\/academy\/es\/wp-json\/wp\/v2\/pages\/6104"}],"wp:featuredmedia":[{"embeddable":true,"href":"https:\/\/www.signiflow.com\/academy\/es\/wp-json\/wp\/v2\/media\/5442"}],"wp:attachment":[{"href":"https:\/\/www.signiflow.com\/academy\/es\/wp-json\/wp\/v2\/media?parent=6106"}],"curies":[{"name":"wp","href":"https:\/\/api.w.org\/{rel}","templated":true}]}}