{"id":6108,"date":"2022-03-10T08:44:04","date_gmt":"2022-03-10T08:44:04","guid":{"rendered":"https:\/\/signiflowdev.wpengine.com\/academy\/la-pantalla-de-inicio-de-sesion\/"},"modified":"2025-02-06T11:36:08","modified_gmt":"2025-02-06T11:36:08","slug":"la-pantalla-de-inicio-de-sesion","status":"publish","type":"page","link":"https:\/\/www.signiflow.com\/academy\/es\/basic-user-training\/la-pantalla-de-inicio-de-sesion\/","title":{"rendered":"La pantalla de Inicio de Sesi\u00f3n"},"content":{"rendered":"<div id=\"cs-content\" class=\"cs-content\"><\/div>\n","protected":false},"excerpt":{"rendered":"<p>HomeV.2024 and olderV.2025 Enhanced WorkflowLa pantalla de Inicio de Sesi\u00f3n Su nombre de usuario siempre ser&aacute; su direcci&oacute;n de correo electr&oacute;nico registrada y su contrase&ntilde;a ser&aacute; la contrase&ntilde;a creada al registrarse y una vez que haya ingresado su contrase&ntilde;a se encripta inmediatamente.M\u00f3dulos del Curso Course ModulesLa pantalla de Inicio de &#8230; <a href=\"https:\/\/www.signiflow.com\/academy\/es\/basic-user-training\/la-pantalla-de-inicio-de-sesion\/\" class=\"more-link\">Read More<\/a><\/p>\n","protected":false},"author":29,"featured_media":5439,"parent":6104,"menu_order":0,"comment_status":"closed","ping_status":"closed","template":"template-blank-4.php","meta":{"footnotes":""},"class_list":["post-6108","page","type-page","status-publish","has-post-thumbnail","hentry"],"yoast_head":"<!-- This site is optimized with the Yoast SEO Premium plugin v25.3 (Yoast SEO v27.2) - https:\/\/yoast.com\/product\/yoast-seo-premium-wordpress\/ -->\n<title>The Login Screen - SigniFlow \u00ae - Academy<\/title>\n<meta name=\"description\" content=\"Su nombre de usuario siempre ser\u00e1 su direcci\u00f3n de correo electr\u00f3nico registrada y su contrase\u00f1a ser\u00e1 la contrase\u00f1a creada al registrarse y una vez que haya ingresado su contrase\u00f1a se encripta inmediatamente.\" \/>\n<meta name=\"robots\" content=\"index, follow, max-snippet:-1, max-image-preview:large, max-video-preview:-1\" \/>\n<link rel=\"canonical\" href=\"https:\/\/www.signiflow.com\/academy\/es\/basic-user-training\/la-pantalla-de-inicio-de-sesion\/\" \/>\n<meta property=\"og:locale\" content=\"es_ES\" \/>\n<meta property=\"og:type\" content=\"article\" \/>\n<meta property=\"og:title\" content=\"The Login Screen - SigniFlow \u00ae - Academy\" \/>\n<meta property=\"og:description\" content=\"Su nombre de usuario siempre ser\u00e1 su direcci\u00f3n de correo electr\u00f3nico registrada y su contrase\u00f1a ser\u00e1 la contrase\u00f1a creada al registrarse y una vez que haya ingresado su contrase\u00f1a se encripta inmediatamente.\" \/>\n<meta property=\"og:url\" content=\"https:\/\/www.signiflow.com\/academy\/es\/basic-user-training\/la-pantalla-de-inicio-de-sesion\/\" \/>\n<meta property=\"og:site_name\" content=\"SigniFlow \u00ae - Academy\" \/>\n<meta property=\"article:modified_time\" content=\"2025-02-06T11:36:08+00:00\" \/>\n<meta property=\"og:image\" content=\"https:\/\/www.signiflow.com\/academy\/wp-content\/uploads\/sites\/3\/2022\/01\/basic_user_training_300x240-1.png\" \/>\n<meta name=\"twitter:card\" content=\"summary_large_image\" \/>\n<meta name=\"twitter:title\" content=\"The Login Screen - SigniFlow \u00ae - Academy\" \/>\n<meta name=\"twitter:description\" content=\"Su nombre de usuario siempre ser\u00e1 su direcci\u00f3n de correo electr\u00f3nico registrada y su contrase\u00f1a ser\u00e1 la contrase\u00f1a creada al registrarse y una vez que haya ingresado su contrase\u00f1a se encripta inmediatamente.\" \/>\n<meta name=\"twitter:label1\" content=\"Tiempo de lectura\" \/>\n\t<meta name=\"twitter:data1\" content=\"4 minutos\" \/>\n<script type=\"application\/ld+json\" class=\"yoast-schema-graph\">{\"@context\":\"https:\/\/schema.org\",\"@graph\":[{\"@type\":\"WebPage\",\"@id\":\"https:\/\/www.signiflow.com\/academy\/es\/basic-user-training\/la-pantalla-de-inicio-de-sesion\/\",\"url\":\"https:\/\/www.signiflow.com\/academy\/es\/basic-user-training\/la-pantalla-de-inicio-de-sesion\/\",\"name\":\"The Login Screen - SigniFlow \u00ae - Academy\",\"isPartOf\":{\"@id\":\"https:\/\/www.signiflow.com\/academy\/#website\"},\"primaryImageOfPage\":{\"@id\":\"https:\/\/www.signiflow.com\/academy\/es\/basic-user-training\/la-pantalla-de-inicio-de-sesion\/#primaryimage\"},\"image\":{\"@id\":\"https:\/\/www.signiflow.com\/academy\/es\/basic-user-training\/la-pantalla-de-inicio-de-sesion\/#primaryimage\"},\"thumbnailUrl\":\"https:\/\/www.signiflow.com\/academy\/wp-content\/uploads\/sites\/3\/2022\/01\/login_250x300.png\",\"datePublished\":\"2022-03-10T08:44:04+00:00\",\"dateModified\":\"2025-02-06T11:36:08+00:00\",\"description\":\"Su nombre de usuario siempre ser\u00e1 su direcci\u00f3n de correo electr\u00f3nico registrada y su contrase\u00f1a ser\u00e1 la contrase\u00f1a creada al registrarse y una vez que haya ingresado su contrase\u00f1a se encripta inmediatamente.\",\"breadcrumb\":{\"@id\":\"https:\/\/www.signiflow.com\/academy\/es\/basic-user-training\/la-pantalla-de-inicio-de-sesion\/#breadcrumb\"},\"inLanguage\":\"es\",\"potentialAction\":[{\"@type\":\"ReadAction\",\"target\":[\"https:\/\/www.signiflow.com\/academy\/es\/basic-user-training\/la-pantalla-de-inicio-de-sesion\/\"]}]},{\"@type\":\"ImageObject\",\"inLanguage\":\"es\",\"@id\":\"https:\/\/www.signiflow.com\/academy\/es\/basic-user-training\/la-pantalla-de-inicio-de-sesion\/#primaryimage\",\"url\":\"https:\/\/www.signiflow.com\/academy\/wp-content\/uploads\/sites\/3\/2022\/01\/login_250x300.png\",\"contentUrl\":\"https:\/\/www.signiflow.com\/academy\/wp-content\/uploads\/sites\/3\/2022\/01\/login_250x300.png\",\"width\":300,\"height\":250,\"caption\":\"Basic User Training - The Login Screen\"},{\"@type\":\"BreadcrumbList\",\"@id\":\"https:\/\/www.signiflow.com\/academy\/es\/basic-user-training\/la-pantalla-de-inicio-de-sesion\/#breadcrumb\",\"itemListElement\":[{\"@type\":\"ListItem\",\"position\":1,\"name\":\"Home\",\"item\":\"https:\/\/www.signiflow.com\/academy\/es\/pagina-principal-academia\/\"},{\"@type\":\"ListItem\",\"position\":2,\"name\":\"Capacitaci\u00f3n B\u00e1sica de Usuarios\",\"item\":\"https:\/\/www.signiflow.com\/academy\/es\/basic-user-training\/\"},{\"@type\":\"ListItem\",\"position\":3,\"name\":\"La pantalla de Inicio de Sesi\u00f3n\"}]},{\"@type\":\"WebSite\",\"@id\":\"https:\/\/www.signiflow.com\/academy\/#website\",\"url\":\"https:\/\/www.signiflow.com\/academy\/\",\"name\":\"SigniFlow \u00ae - Academy\",\"description\":\"Digital and Electronic Signature Workflow\",\"potentialAction\":[{\"@type\":\"SearchAction\",\"target\":{\"@type\":\"EntryPoint\",\"urlTemplate\":\"https:\/\/www.signiflow.com\/academy\/?s={search_term_string}\"},\"query-input\":{\"@type\":\"PropertyValueSpecification\",\"valueRequired\":true,\"valueName\":\"search_term_string\"}}],\"inLanguage\":\"es\"}]}<\/script>\n<!-- \/ Yoast SEO Premium plugin. -->","yoast_head_json":{"title":"The Login Screen - SigniFlow \u00ae - Academy","description":"Su nombre de usuario siempre ser\u00e1 su direcci\u00f3n de correo electr\u00f3nico registrada y su contrase\u00f1a ser\u00e1 la contrase\u00f1a creada al registrarse y una vez que haya ingresado su contrase\u00f1a se encripta inmediatamente.","robots":{"index":"index","follow":"follow","max-snippet":"max-snippet:-1","max-image-preview":"max-image-preview:large","max-video-preview":"max-video-preview:-1"},"canonical":"https:\/\/www.signiflow.com\/academy\/es\/basic-user-training\/la-pantalla-de-inicio-de-sesion\/","og_locale":"es_ES","og_type":"article","og_title":"The Login Screen - SigniFlow \u00ae - Academy","og_description":"Su nombre de usuario siempre ser\u00e1 su direcci\u00f3n de correo electr\u00f3nico registrada y su contrase\u00f1a ser\u00e1 la contrase\u00f1a creada al registrarse y una vez que haya ingresado su contrase\u00f1a se encripta inmediatamente.","og_url":"https:\/\/www.signiflow.com\/academy\/es\/basic-user-training\/la-pantalla-de-inicio-de-sesion\/","og_site_name":"SigniFlow \u00ae - Academy","article_modified_time":"2025-02-06T11:36:08+00:00","og_image":[{"url":"https:\/\/www.signiflow.com\/academy\/wp-content\/uploads\/sites\/3\/2022\/01\/basic_user_training_300x240-1.png","type":"","width":"","height":""}],"twitter_card":"summary_large_image","twitter_title":"The Login Screen - SigniFlow \u00ae - Academy","twitter_description":"Su nombre de usuario siempre ser\u00e1 su direcci\u00f3n de correo electr\u00f3nico registrada y su contrase\u00f1a ser\u00e1 la contrase\u00f1a creada al registrarse y una vez que haya ingresado su contrase\u00f1a se encripta inmediatamente.","twitter_misc":{"Tiempo de lectura":"4 minutos"},"schema":{"@context":"https:\/\/schema.org","@graph":[{"@type":"WebPage","@id":"https:\/\/www.signiflow.com\/academy\/es\/basic-user-training\/la-pantalla-de-inicio-de-sesion\/","url":"https:\/\/www.signiflow.com\/academy\/es\/basic-user-training\/la-pantalla-de-inicio-de-sesion\/","name":"The Login Screen - SigniFlow \u00ae - Academy","isPartOf":{"@id":"https:\/\/www.signiflow.com\/academy\/#website"},"primaryImageOfPage":{"@id":"https:\/\/www.signiflow.com\/academy\/es\/basic-user-training\/la-pantalla-de-inicio-de-sesion\/#primaryimage"},"image":{"@id":"https:\/\/www.signiflow.com\/academy\/es\/basic-user-training\/la-pantalla-de-inicio-de-sesion\/#primaryimage"},"thumbnailUrl":"https:\/\/www.signiflow.com\/academy\/wp-content\/uploads\/sites\/3\/2022\/01\/login_250x300.png","datePublished":"2022-03-10T08:44:04+00:00","dateModified":"2025-02-06T11:36:08+00:00","description":"Su nombre de usuario siempre ser\u00e1 su direcci\u00f3n de correo electr\u00f3nico registrada y su contrase\u00f1a ser\u00e1 la contrase\u00f1a creada al registrarse y una vez que haya ingresado su contrase\u00f1a se encripta inmediatamente.","breadcrumb":{"@id":"https:\/\/www.signiflow.com\/academy\/es\/basic-user-training\/la-pantalla-de-inicio-de-sesion\/#breadcrumb"},"inLanguage":"es","potentialAction":[{"@type":"ReadAction","target":["https:\/\/www.signiflow.com\/academy\/es\/basic-user-training\/la-pantalla-de-inicio-de-sesion\/"]}]},{"@type":"ImageObject","inLanguage":"es","@id":"https:\/\/www.signiflow.com\/academy\/es\/basic-user-training\/la-pantalla-de-inicio-de-sesion\/#primaryimage","url":"https:\/\/www.signiflow.com\/academy\/wp-content\/uploads\/sites\/3\/2022\/01\/login_250x300.png","contentUrl":"https:\/\/www.signiflow.com\/academy\/wp-content\/uploads\/sites\/3\/2022\/01\/login_250x300.png","width":300,"height":250,"caption":"Basic User Training - The Login Screen"},{"@type":"BreadcrumbList","@id":"https:\/\/www.signiflow.com\/academy\/es\/basic-user-training\/la-pantalla-de-inicio-de-sesion\/#breadcrumb","itemListElement":[{"@type":"ListItem","position":1,"name":"Home","item":"https:\/\/www.signiflow.com\/academy\/es\/pagina-principal-academia\/"},{"@type":"ListItem","position":2,"name":"Capacitaci\u00f3n B\u00e1sica de Usuarios","item":"https:\/\/www.signiflow.com\/academy\/es\/basic-user-training\/"},{"@type":"ListItem","position":3,"name":"La pantalla de Inicio de Sesi\u00f3n"}]},{"@type":"WebSite","@id":"https:\/\/www.signiflow.com\/academy\/#website","url":"https:\/\/www.signiflow.com\/academy\/","name":"SigniFlow \u00ae - Academy","description":"Digital and Electronic Signature Workflow","potentialAction":[{"@type":"SearchAction","target":{"@type":"EntryPoint","urlTemplate":"https:\/\/www.signiflow.com\/academy\/?s={search_term_string}"},"query-input":{"@type":"PropertyValueSpecification","valueRequired":true,"valueName":"search_term_string"}}],"inLanguage":"es"}]}},"_links":{"self":[{"href":"https:\/\/www.signiflow.com\/academy\/es\/wp-json\/wp\/v2\/pages\/6108","targetHints":{"allow":["GET"]}}],"collection":[{"href":"https:\/\/www.signiflow.com\/academy\/es\/wp-json\/wp\/v2\/pages"}],"about":[{"href":"https:\/\/www.signiflow.com\/academy\/es\/wp-json\/wp\/v2\/types\/page"}],"author":[{"embeddable":true,"href":"https:\/\/www.signiflow.com\/academy\/es\/wp-json\/wp\/v2\/users\/29"}],"replies":[{"embeddable":true,"href":"https:\/\/www.signiflow.com\/academy\/es\/wp-json\/wp\/v2\/comments?post=6108"}],"version-history":[{"count":0,"href":"https:\/\/www.signiflow.com\/academy\/es\/wp-json\/wp\/v2\/pages\/6108\/revisions"}],"up":[{"embeddable":true,"href":"https:\/\/www.signiflow.com\/academy\/es\/wp-json\/wp\/v2\/pages\/6104"}],"wp:featuredmedia":[{"embeddable":true,"href":"https:\/\/www.signiflow.com\/academy\/es\/wp-json\/wp\/v2\/media\/5439"}],"wp:attachment":[{"href":"https:\/\/www.signiflow.com\/academy\/es\/wp-json\/wp\/v2\/media?parent=6108"}],"curies":[{"name":"wp","href":"https:\/\/api.w.org\/{rel}","templated":true}]}}