{"id":6115,"date":"2022-03-10T09:22:27","date_gmt":"2022-03-10T09:22:27","guid":{"rendered":"https:\/\/signiflowdev.wpengine.com\/academy\/flujo-de-trabajo-basico\/"},"modified":"2025-02-07T12:55:44","modified_gmt":"2025-02-07T12:55:44","slug":"flujo-de-trabajo-basico","status":"publish","type":"page","link":"https:\/\/www.signiflow.com\/academy\/es\/basic-user-training\/flujo-de-trabajo-basico\/","title":{"rendered":"Flujo de trabajo b\u00e1sico"},"content":{"rendered":"<div id=\"cs-content\" class=\"cs-content\"><\/div>\n","protected":false},"excerpt":{"rendered":"<p>HomeV.2024 and olderV.2025 Enhanced WorkflowCreando los flujos de trabajo Un flujo de trabajo, en este contexto, es simplemente una secuencia de procesos por los que pasa un documento, desde el inicio hasta la finalizaci\u00f3n.M\u00f3dulos del Curso Course ModulesLa pantalla de Inicio de Sesi\u00f3nCambiar el IdiomaOlvid\u00e9 la contrase\u00f1aActivaci\u00f3n de la licencia &#8230; <a href=\"https:\/\/www.signiflow.com\/academy\/es\/basic-user-training\/flujo-de-trabajo-basico\/\" class=\"more-link\">Read More<\/a><\/p>\n","protected":false},"author":29,"featured_media":5430,"parent":6104,"menu_order":3,"comment_status":"closed","ping_status":"closed","template":"template-blank-4.php","meta":{"footnotes":""},"class_list":["post-6115","page","type-page","status-publish","has-post-thumbnail","hentry"],"yoast_head":"<!-- This site is optimized with the Yoast SEO Premium plugin v25.3 (Yoast SEO v27.2) - https:\/\/yoast.com\/product\/yoast-seo-premium-wordpress\/ -->\n<title>Flujo de trabajo b\u00e1sico - SigniFlow \u00ae - Academy<\/title>\n<meta name=\"description\" content=\"Un flujo de trabajo, en este contexto, es simplemente una secuencia de procesos por los que pasa un documento, desde el inicio hasta la finalizaci\u00f3n.\" \/>\n<meta name=\"robots\" content=\"index, follow, max-snippet:-1, max-image-preview:large, max-video-preview:-1\" \/>\n<link rel=\"canonical\" href=\"https:\/\/www.signiflow.com\/academy\/es\/basic-user-training\/flujo-de-trabajo-basico\/\" \/>\n<meta property=\"og:locale\" content=\"es_ES\" \/>\n<meta property=\"og:type\" content=\"article\" \/>\n<meta property=\"og:title\" content=\"Basic Workflow - SigniFlow \u00ae - Academy\" \/>\n<meta property=\"og:description\" content=\"Un flujo de trabajo, en este contexto, es simplemente una secuencia de procesos por los que pasa un documento, desde el inicio hasta la finalizaci\u00f3n.\" \/>\n<meta property=\"og:url\" content=\"https:\/\/www.signiflow.com\/academy\/es\/basic-user-training\/flujo-de-trabajo-basico\/\" \/>\n<meta property=\"og:site_name\" content=\"SigniFlow \u00ae - Academy\" \/>\n<meta property=\"article:modified_time\" content=\"2025-02-07T12:55:44+00:00\" \/>\n<meta property=\"og:image\" content=\"https:\/\/www.signiflow.com\/academy\/wp-content\/uploads\/sites\/3\/2022\/01\/basic_workflow_250x300.png\" \/>\n\t<meta property=\"og:image:width\" content=\"300\" \/>\n\t<meta property=\"og:image:height\" content=\"250\" \/>\n\t<meta property=\"og:image:type\" content=\"image\/png\" \/>\n<meta name=\"twitter:card\" content=\"summary_large_image\" \/>\n<meta name=\"twitter:title\" content=\"Basic Workflow - SigniFlow \u00ae - Academy\" \/>\n<meta name=\"twitter:description\" content=\"Un flujo de trabajo, en este contexto, es simplemente una secuencia de procesos por los que pasa un documento, desde el inicio hasta la finalizaci\u00f3n.\" \/>\n<meta name=\"twitter:image\" content=\"https:\/\/www.signiflow.com\/academy\/wp-content\/uploads\/sites\/3\/2022\/01\/basic_workflow_250x300.png\" \/>\n<meta name=\"twitter:label1\" content=\"Tiempo de lectura\" \/>\n\t<meta name=\"twitter:data1\" content=\"12 minutos\" \/>\n<script type=\"application\/ld+json\" class=\"yoast-schema-graph\">{\"@context\":\"https:\/\/schema.org\",\"@graph\":[{\"@type\":\"WebPage\",\"@id\":\"https:\/\/www.signiflow.com\/academy\/es\/basic-user-training\/flujo-de-trabajo-basico\/\",\"url\":\"https:\/\/www.signiflow.com\/academy\/es\/basic-user-training\/flujo-de-trabajo-basico\/\",\"name\":\"Flujo de trabajo b\u00e1sico - SigniFlow \u00ae - Academy\",\"isPartOf\":{\"@id\":\"https:\/\/www.signiflow.com\/academy\/#website\"},\"primaryImageOfPage\":{\"@id\":\"https:\/\/www.signiflow.com\/academy\/es\/basic-user-training\/flujo-de-trabajo-basico\/#primaryimage\"},\"image\":{\"@id\":\"https:\/\/www.signiflow.com\/academy\/es\/basic-user-training\/flujo-de-trabajo-basico\/#primaryimage\"},\"thumbnailUrl\":\"https:\/\/www.signiflow.com\/academy\/wp-content\/uploads\/sites\/3\/2022\/01\/basic_workflow_250x300.png\",\"datePublished\":\"2022-03-10T09:22:27+00:00\",\"dateModified\":\"2025-02-07T12:55:44+00:00\",\"description\":\"Un flujo de trabajo, en este contexto, es simplemente una secuencia de procesos por los que pasa un documento, desde el inicio hasta la finalizaci\u00f3n.\",\"breadcrumb\":{\"@id\":\"https:\/\/www.signiflow.com\/academy\/es\/basic-user-training\/flujo-de-trabajo-basico\/#breadcrumb\"},\"inLanguage\":\"es\",\"potentialAction\":[{\"@type\":\"ReadAction\",\"target\":[\"https:\/\/www.signiflow.com\/academy\/es\/basic-user-training\/flujo-de-trabajo-basico\/\"]}]},{\"@type\":\"ImageObject\",\"inLanguage\":\"es\",\"@id\":\"https:\/\/www.signiflow.com\/academy\/es\/basic-user-training\/flujo-de-trabajo-basico\/#primaryimage\",\"url\":\"https:\/\/www.signiflow.com\/academy\/wp-content\/uploads\/sites\/3\/2022\/01\/basic_workflow_250x300.png\",\"contentUrl\":\"https:\/\/www.signiflow.com\/academy\/wp-content\/uploads\/sites\/3\/2022\/01\/basic_workflow_250x300.png\",\"width\":300,\"height\":250,\"caption\":\"Basic User Training - Create Basic Workflow\"},{\"@type\":\"BreadcrumbList\",\"@id\":\"https:\/\/www.signiflow.com\/academy\/es\/basic-user-training\/flujo-de-trabajo-basico\/#breadcrumb\",\"itemListElement\":[{\"@type\":\"ListItem\",\"position\":1,\"name\":\"Home\",\"item\":\"https:\/\/www.signiflow.com\/academy\/es\/pagina-principal-academia\/\"},{\"@type\":\"ListItem\",\"position\":2,\"name\":\"Capacitaci\u00f3n B\u00e1sica de Usuarios\",\"item\":\"https:\/\/www.signiflow.com\/academy\/es\/basic-user-training\/\"},{\"@type\":\"ListItem\",\"position\":3,\"name\":\"Flujo de trabajo b\u00e1sico\"}]},{\"@type\":\"WebSite\",\"@id\":\"https:\/\/www.signiflow.com\/academy\/#website\",\"url\":\"https:\/\/www.signiflow.com\/academy\/\",\"name\":\"SigniFlow \u00ae - Academy\",\"description\":\"Digital and Electronic Signature Workflow\",\"potentialAction\":[{\"@type\":\"SearchAction\",\"target\":{\"@type\":\"EntryPoint\",\"urlTemplate\":\"https:\/\/www.signiflow.com\/academy\/?s={search_term_string}\"},\"query-input\":{\"@type\":\"PropertyValueSpecification\",\"valueRequired\":true,\"valueName\":\"search_term_string\"}}],\"inLanguage\":\"es\"}]}<\/script>\n<!-- \/ Yoast SEO Premium plugin. -->","yoast_head_json":{"title":"Flujo de trabajo b\u00e1sico - SigniFlow \u00ae - Academy","description":"Un flujo de trabajo, en este contexto, es simplemente una secuencia de procesos por los que pasa un documento, desde el inicio hasta la finalizaci\u00f3n.","robots":{"index":"index","follow":"follow","max-snippet":"max-snippet:-1","max-image-preview":"max-image-preview:large","max-video-preview":"max-video-preview:-1"},"canonical":"https:\/\/www.signiflow.com\/academy\/es\/basic-user-training\/flujo-de-trabajo-basico\/","og_locale":"es_ES","og_type":"article","og_title":"Basic Workflow - SigniFlow \u00ae - Academy","og_description":"Un flujo de trabajo, en este contexto, es simplemente una secuencia de procesos por los que pasa un documento, desde el inicio hasta la finalizaci\u00f3n.","og_url":"https:\/\/www.signiflow.com\/academy\/es\/basic-user-training\/flujo-de-trabajo-basico\/","og_site_name":"SigniFlow \u00ae - Academy","article_modified_time":"2025-02-07T12:55:44+00:00","og_image":[{"width":300,"height":250,"url":"https:\/\/www.signiflow.com\/academy\/wp-content\/uploads\/sites\/3\/2022\/01\/basic_workflow_250x300.png","type":"image\/png"}],"twitter_card":"summary_large_image","twitter_title":"Basic Workflow - SigniFlow \u00ae - Academy","twitter_description":"Un flujo de trabajo, en este contexto, es simplemente una secuencia de procesos por los que pasa un documento, desde el inicio hasta la finalizaci\u00f3n.","twitter_image":"https:\/\/www.signiflow.com\/academy\/wp-content\/uploads\/sites\/3\/2022\/01\/basic_workflow_250x300.png","twitter_misc":{"Tiempo de lectura":"12 minutos"},"schema":{"@context":"https:\/\/schema.org","@graph":[{"@type":"WebPage","@id":"https:\/\/www.signiflow.com\/academy\/es\/basic-user-training\/flujo-de-trabajo-basico\/","url":"https:\/\/www.signiflow.com\/academy\/es\/basic-user-training\/flujo-de-trabajo-basico\/","name":"Flujo de trabajo b\u00e1sico - SigniFlow \u00ae - Academy","isPartOf":{"@id":"https:\/\/www.signiflow.com\/academy\/#website"},"primaryImageOfPage":{"@id":"https:\/\/www.signiflow.com\/academy\/es\/basic-user-training\/flujo-de-trabajo-basico\/#primaryimage"},"image":{"@id":"https:\/\/www.signiflow.com\/academy\/es\/basic-user-training\/flujo-de-trabajo-basico\/#primaryimage"},"thumbnailUrl":"https:\/\/www.signiflow.com\/academy\/wp-content\/uploads\/sites\/3\/2022\/01\/basic_workflow_250x300.png","datePublished":"2022-03-10T09:22:27+00:00","dateModified":"2025-02-07T12:55:44+00:00","description":"Un flujo de trabajo, en este contexto, es simplemente una secuencia de procesos por los que pasa un documento, desde el inicio hasta la finalizaci\u00f3n.","breadcrumb":{"@id":"https:\/\/www.signiflow.com\/academy\/es\/basic-user-training\/flujo-de-trabajo-basico\/#breadcrumb"},"inLanguage":"es","potentialAction":[{"@type":"ReadAction","target":["https:\/\/www.signiflow.com\/academy\/es\/basic-user-training\/flujo-de-trabajo-basico\/"]}]},{"@type":"ImageObject","inLanguage":"es","@id":"https:\/\/www.signiflow.com\/academy\/es\/basic-user-training\/flujo-de-trabajo-basico\/#primaryimage","url":"https:\/\/www.signiflow.com\/academy\/wp-content\/uploads\/sites\/3\/2022\/01\/basic_workflow_250x300.png","contentUrl":"https:\/\/www.signiflow.com\/academy\/wp-content\/uploads\/sites\/3\/2022\/01\/basic_workflow_250x300.png","width":300,"height":250,"caption":"Basic User Training - Create Basic Workflow"},{"@type":"BreadcrumbList","@id":"https:\/\/www.signiflow.com\/academy\/es\/basic-user-training\/flujo-de-trabajo-basico\/#breadcrumb","itemListElement":[{"@type":"ListItem","position":1,"name":"Home","item":"https:\/\/www.signiflow.com\/academy\/es\/pagina-principal-academia\/"},{"@type":"ListItem","position":2,"name":"Capacitaci\u00f3n B\u00e1sica de Usuarios","item":"https:\/\/www.signiflow.com\/academy\/es\/basic-user-training\/"},{"@type":"ListItem","position":3,"name":"Flujo de trabajo b\u00e1sico"}]},{"@type":"WebSite","@id":"https:\/\/www.signiflow.com\/academy\/#website","url":"https:\/\/www.signiflow.com\/academy\/","name":"SigniFlow \u00ae - Academy","description":"Digital and Electronic Signature Workflow","potentialAction":[{"@type":"SearchAction","target":{"@type":"EntryPoint","urlTemplate":"https:\/\/www.signiflow.com\/academy\/?s={search_term_string}"},"query-input":{"@type":"PropertyValueSpecification","valueRequired":true,"valueName":"search_term_string"}}],"inLanguage":"es"}]}},"_links":{"self":[{"href":"https:\/\/www.signiflow.com\/academy\/es\/wp-json\/wp\/v2\/pages\/6115","targetHints":{"allow":["GET"]}}],"collection":[{"href":"https:\/\/www.signiflow.com\/academy\/es\/wp-json\/wp\/v2\/pages"}],"about":[{"href":"https:\/\/www.signiflow.com\/academy\/es\/wp-json\/wp\/v2\/types\/page"}],"author":[{"embeddable":true,"href":"https:\/\/www.signiflow.com\/academy\/es\/wp-json\/wp\/v2\/users\/29"}],"replies":[{"embeddable":true,"href":"https:\/\/www.signiflow.com\/academy\/es\/wp-json\/wp\/v2\/comments?post=6115"}],"version-history":[{"count":0,"href":"https:\/\/www.signiflow.com\/academy\/es\/wp-json\/wp\/v2\/pages\/6115\/revisions"}],"up":[{"embeddable":true,"href":"https:\/\/www.signiflow.com\/academy\/es\/wp-json\/wp\/v2\/pages\/6104"}],"wp:featuredmedia":[{"embeddable":true,"href":"https:\/\/www.signiflow.com\/academy\/es\/wp-json\/wp\/v2\/media\/5430"}],"wp:attachment":[{"href":"https:\/\/www.signiflow.com\/academy\/es\/wp-json\/wp\/v2\/media?parent=6115"}],"curies":[{"name":"wp","href":"https:\/\/api.w.org\/{rel}","templated":true}]}}