{"id":6135,"date":"2022-03-10T13:58:02","date_gmt":"2022-03-10T13:58:02","guid":{"rendered":"https:\/\/signiflowdev.wpengine.com\/academy\/perfil\/"},"modified":"2022-12-19T19:03:20","modified_gmt":"2022-12-19T19:03:20","slug":"perfil","status":"publish","type":"page","link":"https:\/\/www.signiflow.com\/academy\/es\/capacitacion-avanzada-de-usuarios\/perfil\/","title":{"rendered":"Perfil"},"content":{"rendered":"<div id=\"cs-content\" class=\"cs-content\"><\/div>\n","protected":false},"excerpt":{"rendered":"<p>Home Course ModulesSu Perfil La secci\u00f3n de Perfil de su cuenta de SigniFlow se accede desde la barra de men\u00fa del lado izquierdo y es esencialmente una visi\u00f3n general de su cuenta &#8211; incluyendo informaci\u00f3n personal, su firma elegida y el complemento de softwareins que permiten la integraci\u00f3n con programas &#8230; <a href=\"https:\/\/www.signiflow.com\/academy\/es\/capacitacion-avanzada-de-usuarios\/perfil\/\" class=\"more-link\">Read More<\/a><\/p>\n","protected":false},"author":29,"featured_media":0,"parent":6137,"menu_order":2,"comment_status":"closed","ping_status":"closed","template":"template-blank-4.php","meta":{"footnotes":""},"class_list":["post-6135","page","type-page","status-publish","hentry","no-post-thumbnail"],"yoast_head":"<!-- This site is optimized with the Yoast SEO Premium plugin v25.3 (Yoast SEO v27.5) - https:\/\/yoast.com\/product\/yoast-seo-premium-wordpress\/ -->\n<title>Perfil - SigniFlow \u00ae - Academy<\/title>\n<meta name=\"robots\" content=\"index, follow, max-snippet:-1, max-image-preview:large, max-video-preview:-1\" \/>\n<link rel=\"canonical\" href=\"https:\/\/www.signiflow.com\/academy\/es\/capacitacion-avanzada-de-usuarios\/perfil\/\" \/>\n<meta property=\"og:locale\" content=\"es_ES\" \/>\n<meta property=\"og:type\" content=\"article\" \/>\n<meta property=\"og:title\" content=\"Perfil\" \/>\n<meta property=\"og:description\" content=\"Home Course ModulesSu Perfil La secci\u00f3n de Perfil de su cuenta de SigniFlow se accede desde la barra de men\u00fa del lado izquierdo y es esencialmente una visi\u00f3n general de su cuenta - incluyendo informaci\u00f3n personal, su firma elegida y el complemento de softwareins que permiten la integraci\u00f3n con programas ... Read More\" \/>\n<meta property=\"og:url\" content=\"https:\/\/www.signiflow.com\/academy\/es\/capacitacion-avanzada-de-usuarios\/perfil\/\" \/>\n<meta property=\"og:site_name\" content=\"SigniFlow \u00ae - Academy\" \/>\n<meta property=\"article:modified_time\" content=\"2022-12-19T19:03:20+00:00\" \/>\n<meta property=\"og:image\" content=\"https:\/\/www.signiflow.com\/academy\/wp-content\/uploads\/sites\/3\/2022\/01\/profile_250x300.png\" \/>\n<meta name=\"twitter:card\" content=\"summary_large_image\" \/>\n<meta name=\"twitter:label1\" content=\"Tiempo de lectura\" \/>\n\t<meta name=\"twitter:data1\" content=\"2 minutos\" \/>\n<script type=\"application\/ld+json\" class=\"yoast-schema-graph\">{\"@context\":\"https:\\\/\\\/schema.org\",\"@graph\":[{\"@type\":\"WebPage\",\"@id\":\"https:\\\/\\\/www.signiflow.com\\\/academy\\\/es\\\/capacitacion-avanzada-de-usuarios\\\/perfil\\\/\",\"url\":\"https:\\\/\\\/www.signiflow.com\\\/academy\\\/es\\\/capacitacion-avanzada-de-usuarios\\\/perfil\\\/\",\"name\":\"Perfil - SigniFlow \u00ae - Academy\",\"isPartOf\":{\"@id\":\"https:\\\/\\\/www.signiflow.com\\\/academy\\\/#website\"},\"datePublished\":\"2022-03-10T13:58:02+00:00\",\"dateModified\":\"2022-12-19T19:03:20+00:00\",\"breadcrumb\":{\"@id\":\"https:\\\/\\\/www.signiflow.com\\\/academy\\\/es\\\/capacitacion-avanzada-de-usuarios\\\/perfil\\\/#breadcrumb\"},\"inLanguage\":\"es\",\"potentialAction\":[{\"@type\":\"ReadAction\",\"target\":[\"https:\\\/\\\/www.signiflow.com\\\/academy\\\/es\\\/capacitacion-avanzada-de-usuarios\\\/perfil\\\/\"]}]},{\"@type\":\"BreadcrumbList\",\"@id\":\"https:\\\/\\\/www.signiflow.com\\\/academy\\\/es\\\/capacitacion-avanzada-de-usuarios\\\/perfil\\\/#breadcrumb\",\"itemListElement\":[{\"@type\":\"ListItem\",\"position\":1,\"name\":\"Home\",\"item\":\"https:\\\/\\\/www.signiflow.com\\\/academy\\\/es\\\/pagina-principal-academia\\\/\"},{\"@type\":\"ListItem\",\"position\":2,\"name\":\"Capacitaci\u00f3n Avanzada de Usuarios\",\"item\":\"https:\\\/\\\/www.signiflow.com\\\/academy\\\/es\\\/capacitacion-avanzada-de-usuarios\\\/\"},{\"@type\":\"ListItem\",\"position\":3,\"name\":\"Perfil\"}]},{\"@type\":\"WebSite\",\"@id\":\"https:\\\/\\\/www.signiflow.com\\\/academy\\\/#website\",\"url\":\"https:\\\/\\\/www.signiflow.com\\\/academy\\\/\",\"name\":\"SigniFlow \u00ae - Academy\",\"description\":\"Digital and Electronic Signature Workflow\",\"potentialAction\":[{\"@type\":\"SearchAction\",\"target\":{\"@type\":\"EntryPoint\",\"urlTemplate\":\"https:\\\/\\\/www.signiflow.com\\\/academy\\\/?s={search_term_string}\"},\"query-input\":{\"@type\":\"PropertyValueSpecification\",\"valueRequired\":true,\"valueName\":\"search_term_string\"}}],\"inLanguage\":\"es\"}]}<\/script>\n<!-- \/ Yoast SEO Premium plugin. -->","yoast_head_json":{"title":"Perfil - SigniFlow \u00ae - Academy","robots":{"index":"index","follow":"follow","max-snippet":"max-snippet:-1","max-image-preview":"max-image-preview:large","max-video-preview":"max-video-preview:-1"},"canonical":"https:\/\/www.signiflow.com\/academy\/es\/capacitacion-avanzada-de-usuarios\/perfil\/","og_locale":"es_ES","og_type":"article","og_title":"Perfil","og_description":"Home Course ModulesSu Perfil La secci\u00f3n de Perfil de su cuenta de SigniFlow se accede desde la barra de men\u00fa del lado izquierdo y es esencialmente una visi\u00f3n general de su cuenta - incluyendo informaci\u00f3n personal, su firma elegida y el complemento de softwareins que permiten la integraci\u00f3n con programas ... Read More","og_url":"https:\/\/www.signiflow.com\/academy\/es\/capacitacion-avanzada-de-usuarios\/perfil\/","og_site_name":"SigniFlow \u00ae - Academy","article_modified_time":"2022-12-19T19:03:20+00:00","og_image":[{"url":"https:\/\/www.signiflow.com\/academy\/wp-content\/uploads\/sites\/3\/2022\/01\/profile_250x300.png","type":"","width":"","height":""}],"twitter_card":"summary_large_image","twitter_misc":{"Tiempo de lectura":"2 minutos"},"schema":{"@context":"https:\/\/schema.org","@graph":[{"@type":"WebPage","@id":"https:\/\/www.signiflow.com\/academy\/es\/capacitacion-avanzada-de-usuarios\/perfil\/","url":"https:\/\/www.signiflow.com\/academy\/es\/capacitacion-avanzada-de-usuarios\/perfil\/","name":"Perfil - SigniFlow \u00ae - Academy","isPartOf":{"@id":"https:\/\/www.signiflow.com\/academy\/#website"},"datePublished":"2022-03-10T13:58:02+00:00","dateModified":"2022-12-19T19:03:20+00:00","breadcrumb":{"@id":"https:\/\/www.signiflow.com\/academy\/es\/capacitacion-avanzada-de-usuarios\/perfil\/#breadcrumb"},"inLanguage":"es","potentialAction":[{"@type":"ReadAction","target":["https:\/\/www.signiflow.com\/academy\/es\/capacitacion-avanzada-de-usuarios\/perfil\/"]}]},{"@type":"BreadcrumbList","@id":"https:\/\/www.signiflow.com\/academy\/es\/capacitacion-avanzada-de-usuarios\/perfil\/#breadcrumb","itemListElement":[{"@type":"ListItem","position":1,"name":"Home","item":"https:\/\/www.signiflow.com\/academy\/es\/pagina-principal-academia\/"},{"@type":"ListItem","position":2,"name":"Capacitaci\u00f3n Avanzada de Usuarios","item":"https:\/\/www.signiflow.com\/academy\/es\/capacitacion-avanzada-de-usuarios\/"},{"@type":"ListItem","position":3,"name":"Perfil"}]},{"@type":"WebSite","@id":"https:\/\/www.signiflow.com\/academy\/#website","url":"https:\/\/www.signiflow.com\/academy\/","name":"SigniFlow \u00ae - Academy","description":"Digital and Electronic Signature Workflow","potentialAction":[{"@type":"SearchAction","target":{"@type":"EntryPoint","urlTemplate":"https:\/\/www.signiflow.com\/academy\/?s={search_term_string}"},"query-input":{"@type":"PropertyValueSpecification","valueRequired":true,"valueName":"search_term_string"}}],"inLanguage":"es"}]}},"_links":{"self":[{"href":"https:\/\/www.signiflow.com\/academy\/es\/wp-json\/wp\/v2\/pages\/6135","targetHints":{"allow":["GET"]}}],"collection":[{"href":"https:\/\/www.signiflow.com\/academy\/es\/wp-json\/wp\/v2\/pages"}],"about":[{"href":"https:\/\/www.signiflow.com\/academy\/es\/wp-json\/wp\/v2\/types\/page"}],"author":[{"embeddable":true,"href":"https:\/\/www.signiflow.com\/academy\/es\/wp-json\/wp\/v2\/users\/29"}],"replies":[{"embeddable":true,"href":"https:\/\/www.signiflow.com\/academy\/es\/wp-json\/wp\/v2\/comments?post=6135"}],"version-history":[{"count":0,"href":"https:\/\/www.signiflow.com\/academy\/es\/wp-json\/wp\/v2\/pages\/6135\/revisions"}],"up":[{"embeddable":true,"href":"https:\/\/www.signiflow.com\/academy\/es\/wp-json\/wp\/v2\/pages\/6137"}],"wp:attachment":[{"href":"https:\/\/www.signiflow.com\/academy\/es\/wp-json\/wp\/v2\/media?parent=6135"}],"curies":[{"name":"wp","href":"https:\/\/api.w.org\/{rel}","templated":true}]}}