{"id":6938,"date":"2023-03-09T11:46:59","date_gmt":"2023-03-09T11:46:59","guid":{"rendered":"https:\/\/signiflowdev.wpengine.com\/academy\/?page_id=6938"},"modified":"2023-03-14T14:12:43","modified_gmt":"2023-03-14T14:12:43","slug":"tiquetado-automatico","status":"publish","type":"page","link":"https:\/\/www.signiflow.com\/academy\/es\/capacitacion-avanzada-de-usuarios\/tiquetado-automatico\/","title":{"rendered":"Etiquetado autom\u00e1tico"},"content":{"rendered":"<div id=\"cs-content\" class=\"cs-content\"><\/div>\n","protected":false},"excerpt":{"rendered":"<p>HomeEtiquetado autom\u00e1tico ?Course Modules Course ModulesCarpetasResumen &#8211; Parte 1Resumen Parte 2NotificacionesLa pista de auditor\u00edaC\u00f3mo agregar un archivo a una carpeta existenteC\u00f3mo compartir una carpetaC\u00f3mo agregar un flujo de trabajo a una carpeta existentePerfilContactosPresentaci\u00f3n de InformesGenerar un InformeFormulariosCrear Formulario B\u00e1sico con una PortadaAplicacionesCreador de Flujo MasivoSigniFlow para SharePointMicrosoft 365Etiquetado autom\u00e1ticoEtiquetado Autom\u00e1tico &#8230; <a href=\"https:\/\/www.signiflow.com\/academy\/es\/capacitacion-avanzada-de-usuarios\/tiquetado-automatico\/\" class=\"more-link\">Read More<\/a><\/p>\n","protected":false},"author":29,"featured_media":5609,"parent":6137,"menu_order":7,"comment_status":"closed","ping_status":"closed","template":"template-blank-4.php","meta":{"footnotes":""},"class_list":["post-6938","page","type-page","status-publish","has-post-thumbnail","hentry"],"yoast_head":"<!-- This site is optimized with the Yoast SEO Premium plugin v25.3 (Yoast SEO v27.2) - https:\/\/yoast.com\/product\/yoast-seo-premium-wordpress\/ -->\n<title>Etiquetado autom\u00e1tico - SigniFlow \u00ae - Academy<\/title>\n<meta name=\"robots\" content=\"index, follow, max-snippet:-1, max-image-preview:large, max-video-preview:-1\" \/>\n<link rel=\"canonical\" href=\"https:\/\/www.signiflow.com\/academy\/es\/capacitacion-avanzada-de-usuarios\/tiquetado-automatico\/\" \/>\n<meta property=\"og:locale\" content=\"es_ES\" \/>\n<meta property=\"og:type\" content=\"article\" \/>\n<meta property=\"og:title\" content=\"Etiquetado autom\u00e1tico\" \/>\n<meta property=\"og:description\" content=\"HomeEtiquetado autom\u00e1tico ?Course Modules Course ModulesCarpetasResumen &#8211; Parte 1Resumen Parte 2NotificacionesLa pista de auditor\u00edaC\u00f3mo agregar un archivo a una carpeta existenteC\u00f3mo compartir una carpetaC\u00f3mo agregar un flujo de trabajo a una carpeta existentePerfilContactosPresentaci\u00f3n de InformesGenerar un InformeFormulariosCrear Formulario B\u00e1sico con una PortadaAplicacionesCreador de Flujo MasivoSigniFlow para SharePointMicrosoft 365Etiquetado autom\u00e1ticoEtiquetado Autom\u00e1tico ... Read More\" \/>\n<meta property=\"og:url\" content=\"https:\/\/www.signiflow.com\/academy\/es\/capacitacion-avanzada-de-usuarios\/tiquetado-automatico\/\" \/>\n<meta property=\"og:site_name\" content=\"SigniFlow \u00ae - Academy\" \/>\n<meta property=\"article:modified_time\" content=\"2023-03-14T14:12:43+00:00\" \/>\n<meta property=\"og:image\" content=\"https:\/\/www.signiflow.com\/academy\/wp-content\/uploads\/sites\/3\/2022\/01\/sharepoint_250x300.png\" \/>\n\t<meta property=\"og:image:width\" content=\"300\" \/>\n\t<meta property=\"og:image:height\" content=\"250\" \/>\n\t<meta property=\"og:image:type\" content=\"image\/png\" \/>\n<meta name=\"twitter:card\" content=\"summary_large_image\" \/>\n<meta name=\"twitter:label1\" content=\"Tiempo de lectura\" \/>\n\t<meta name=\"twitter:data1\" content=\"2 minutos\" \/>\n<script type=\"application\/ld+json\" class=\"yoast-schema-graph\">{\"@context\":\"https:\/\/schema.org\",\"@graph\":[{\"@type\":\"WebPage\",\"@id\":\"https:\/\/www.signiflow.com\/academy\/es\/capacitacion-avanzada-de-usuarios\/tiquetado-automatico\/\",\"url\":\"https:\/\/www.signiflow.com\/academy\/es\/capacitacion-avanzada-de-usuarios\/tiquetado-automatico\/\",\"name\":\"Etiquetado autom\u00e1tico - SigniFlow \u00ae - Academy\",\"isPartOf\":{\"@id\":\"https:\/\/www.signiflow.com\/academy\/#website\"},\"primaryImageOfPage\":{\"@id\":\"https:\/\/www.signiflow.com\/academy\/es\/capacitacion-avanzada-de-usuarios\/tiquetado-automatico\/#primaryimage\"},\"image\":{\"@id\":\"https:\/\/www.signiflow.com\/academy\/es\/capacitacion-avanzada-de-usuarios\/tiquetado-automatico\/#primaryimage\"},\"thumbnailUrl\":\"https:\/\/www.signiflow.com\/academy\/wp-content\/uploads\/sites\/3\/2022\/01\/sharepoint_250x300.png\",\"datePublished\":\"2023-03-09T11:46:59+00:00\",\"dateModified\":\"2023-03-14T14:12:43+00:00\",\"breadcrumb\":{\"@id\":\"https:\/\/www.signiflow.com\/academy\/es\/capacitacion-avanzada-de-usuarios\/tiquetado-automatico\/#breadcrumb\"},\"inLanguage\":\"es\",\"potentialAction\":[{\"@type\":\"ReadAction\",\"target\":[\"https:\/\/www.signiflow.com\/academy\/es\/capacitacion-avanzada-de-usuarios\/tiquetado-automatico\/\"]}]},{\"@type\":\"ImageObject\",\"inLanguage\":\"es\",\"@id\":\"https:\/\/www.signiflow.com\/academy\/es\/capacitacion-avanzada-de-usuarios\/tiquetado-automatico\/#primaryimage\",\"url\":\"https:\/\/www.signiflow.com\/academy\/wp-content\/uploads\/sites\/3\/2022\/01\/sharepoint_250x300.png\",\"contentUrl\":\"https:\/\/www.signiflow.com\/academy\/wp-content\/uploads\/sites\/3\/2022\/01\/sharepoint_250x300.png\",\"width\":300,\"height\":250,\"caption\":\"Advanced User Training - Apps\"},{\"@type\":\"BreadcrumbList\",\"@id\":\"https:\/\/www.signiflow.com\/academy\/es\/capacitacion-avanzada-de-usuarios\/tiquetado-automatico\/#breadcrumb\",\"itemListElement\":[{\"@type\":\"ListItem\",\"position\":1,\"name\":\"Home\",\"item\":\"https:\/\/www.signiflow.com\/academy\/es\/pagina-principal-academia\/\"},{\"@type\":\"ListItem\",\"position\":2,\"name\":\"Capacitaci\u00f3n Avanzada de Usuarios\",\"item\":\"https:\/\/www.signiflow.com\/academy\/es\/capacitacion-avanzada-de-usuarios\/\"},{\"@type\":\"ListItem\",\"position\":3,\"name\":\"Etiquetado autom\u00e1tico\"}]},{\"@type\":\"WebSite\",\"@id\":\"https:\/\/www.signiflow.com\/academy\/#website\",\"url\":\"https:\/\/www.signiflow.com\/academy\/\",\"name\":\"SigniFlow \u00ae - Academy\",\"description\":\"Digital and Electronic Signature Workflow\",\"potentialAction\":[{\"@type\":\"SearchAction\",\"target\":{\"@type\":\"EntryPoint\",\"urlTemplate\":\"https:\/\/www.signiflow.com\/academy\/?s={search_term_string}\"},\"query-input\":{\"@type\":\"PropertyValueSpecification\",\"valueRequired\":true,\"valueName\":\"search_term_string\"}}],\"inLanguage\":\"es\"}]}<\/script>\n<!-- \/ Yoast SEO Premium plugin. -->","yoast_head_json":{"title":"Etiquetado autom\u00e1tico - SigniFlow \u00ae - Academy","robots":{"index":"index","follow":"follow","max-snippet":"max-snippet:-1","max-image-preview":"max-image-preview:large","max-video-preview":"max-video-preview:-1"},"canonical":"https:\/\/www.signiflow.com\/academy\/es\/capacitacion-avanzada-de-usuarios\/tiquetado-automatico\/","og_locale":"es_ES","og_type":"article","og_title":"Etiquetado autom\u00e1tico","og_description":"HomeEtiquetado autom\u00e1tico ?Course Modules Course ModulesCarpetasResumen &#8211; Parte 1Resumen Parte 2NotificacionesLa pista de auditor\u00edaC\u00f3mo agregar un archivo a una carpeta existenteC\u00f3mo compartir una carpetaC\u00f3mo agregar un flujo de trabajo a una carpeta existentePerfilContactosPresentaci\u00f3n de InformesGenerar un InformeFormulariosCrear Formulario B\u00e1sico con una PortadaAplicacionesCreador de Flujo MasivoSigniFlow para SharePointMicrosoft 365Etiquetado autom\u00e1ticoEtiquetado Autom\u00e1tico ... Read More","og_url":"https:\/\/www.signiflow.com\/academy\/es\/capacitacion-avanzada-de-usuarios\/tiquetado-automatico\/","og_site_name":"SigniFlow \u00ae - Academy","article_modified_time":"2023-03-14T14:12:43+00:00","og_image":[{"width":300,"height":250,"url":"https:\/\/www.signiflow.com\/academy\/wp-content\/uploads\/sites\/3\/2022\/01\/sharepoint_250x300.png","type":"image\/png"}],"twitter_card":"summary_large_image","twitter_misc":{"Tiempo de lectura":"2 minutos"},"schema":{"@context":"https:\/\/schema.org","@graph":[{"@type":"WebPage","@id":"https:\/\/www.signiflow.com\/academy\/es\/capacitacion-avanzada-de-usuarios\/tiquetado-automatico\/","url":"https:\/\/www.signiflow.com\/academy\/es\/capacitacion-avanzada-de-usuarios\/tiquetado-automatico\/","name":"Etiquetado autom\u00e1tico - SigniFlow \u00ae - Academy","isPartOf":{"@id":"https:\/\/www.signiflow.com\/academy\/#website"},"primaryImageOfPage":{"@id":"https:\/\/www.signiflow.com\/academy\/es\/capacitacion-avanzada-de-usuarios\/tiquetado-automatico\/#primaryimage"},"image":{"@id":"https:\/\/www.signiflow.com\/academy\/es\/capacitacion-avanzada-de-usuarios\/tiquetado-automatico\/#primaryimage"},"thumbnailUrl":"https:\/\/www.signiflow.com\/academy\/wp-content\/uploads\/sites\/3\/2022\/01\/sharepoint_250x300.png","datePublished":"2023-03-09T11:46:59+00:00","dateModified":"2023-03-14T14:12:43+00:00","breadcrumb":{"@id":"https:\/\/www.signiflow.com\/academy\/es\/capacitacion-avanzada-de-usuarios\/tiquetado-automatico\/#breadcrumb"},"inLanguage":"es","potentialAction":[{"@type":"ReadAction","target":["https:\/\/www.signiflow.com\/academy\/es\/capacitacion-avanzada-de-usuarios\/tiquetado-automatico\/"]}]},{"@type":"ImageObject","inLanguage":"es","@id":"https:\/\/www.signiflow.com\/academy\/es\/capacitacion-avanzada-de-usuarios\/tiquetado-automatico\/#primaryimage","url":"https:\/\/www.signiflow.com\/academy\/wp-content\/uploads\/sites\/3\/2022\/01\/sharepoint_250x300.png","contentUrl":"https:\/\/www.signiflow.com\/academy\/wp-content\/uploads\/sites\/3\/2022\/01\/sharepoint_250x300.png","width":300,"height":250,"caption":"Advanced User Training - Apps"},{"@type":"BreadcrumbList","@id":"https:\/\/www.signiflow.com\/academy\/es\/capacitacion-avanzada-de-usuarios\/tiquetado-automatico\/#breadcrumb","itemListElement":[{"@type":"ListItem","position":1,"name":"Home","item":"https:\/\/www.signiflow.com\/academy\/es\/pagina-principal-academia\/"},{"@type":"ListItem","position":2,"name":"Capacitaci\u00f3n Avanzada de Usuarios","item":"https:\/\/www.signiflow.com\/academy\/es\/capacitacion-avanzada-de-usuarios\/"},{"@type":"ListItem","position":3,"name":"Etiquetado autom\u00e1tico"}]},{"@type":"WebSite","@id":"https:\/\/www.signiflow.com\/academy\/#website","url":"https:\/\/www.signiflow.com\/academy\/","name":"SigniFlow \u00ae - Academy","description":"Digital and Electronic Signature Workflow","potentialAction":[{"@type":"SearchAction","target":{"@type":"EntryPoint","urlTemplate":"https:\/\/www.signiflow.com\/academy\/?s={search_term_string}"},"query-input":{"@type":"PropertyValueSpecification","valueRequired":true,"valueName":"search_term_string"}}],"inLanguage":"es"}]}},"_links":{"self":[{"href":"https:\/\/www.signiflow.com\/academy\/es\/wp-json\/wp\/v2\/pages\/6938","targetHints":{"allow":["GET"]}}],"collection":[{"href":"https:\/\/www.signiflow.com\/academy\/es\/wp-json\/wp\/v2\/pages"}],"about":[{"href":"https:\/\/www.signiflow.com\/academy\/es\/wp-json\/wp\/v2\/types\/page"}],"author":[{"embeddable":true,"href":"https:\/\/www.signiflow.com\/academy\/es\/wp-json\/wp\/v2\/users\/29"}],"replies":[{"embeddable":true,"href":"https:\/\/www.signiflow.com\/academy\/es\/wp-json\/wp\/v2\/comments?post=6938"}],"version-history":[{"count":0,"href":"https:\/\/www.signiflow.com\/academy\/es\/wp-json\/wp\/v2\/pages\/6938\/revisions"}],"up":[{"embeddable":true,"href":"https:\/\/www.signiflow.com\/academy\/es\/wp-json\/wp\/v2\/pages\/6137"}],"wp:featuredmedia":[{"embeddable":true,"href":"https:\/\/www.signiflow.com\/academy\/es\/wp-json\/wp\/v2\/media\/5609"}],"wp:attachment":[{"href":"https:\/\/www.signiflow.com\/academy\/es\/wp-json\/wp\/v2\/media?parent=6938"}],"curies":[{"name":"wp","href":"https:\/\/api.w.org\/{rel}","templated":true}]}}