{"id":7051,"date":"2025-02-06T12:24:39","date_gmt":"2025-02-06T12:24:39","guid":{"rendered":"https:\/\/signiflowdev.wpengine.com\/academy\/basic-user-training-v-2025-spanish\/"},"modified":"2026-03-09T20:41:07","modified_gmt":"2026-03-09T20:41:07","slug":"capacitacion-basica-de-usuarios-v-2025","status":"publish","type":"page","link":"https:\/\/www.signiflow.com\/academy\/es\/capacitacion-basica-de-usuarios-v-2025\/","title":{"rendered":"Capacitaci\u00f3n B\u00e1sica de Usuarios"},"content":{"rendered":"<div id=\"cs-content\" class=\"cs-content\"><\/div>\n","protected":false},"excerpt":{"rendered":"<p>HomeV.2025 Enhanced WorkflowV.2024 and olderSigniFlow Primeros Pasos: Recorrido por el Sistema Principal VIDEOS DESTACADOS Capacitaci\u00f3n B\u00e1sica de Usuarios Signiflow treinamento b\u00e1sico do usu\u00e1rio, mostra como come\u00e7ar com Signiflow e navegar na interface. Nestes v\u00eddeos, voc\u00ea vai aprender tudo sobre suas fun\u00e7\u00f5es Signiflow Profile e Dashboard, bem como como configurar sua &#8230; <a href=\"https:\/\/www.signiflow.com\/academy\/es\/capacitacion-basica-de-usuarios-v-2025\/\" class=\"more-link\">Read More<\/a><\/p>\n","protected":false},"author":29,"featured_media":0,"parent":0,"menu_order":9,"comment_status":"closed","ping_status":"closed","template":"template-blank-4.php","meta":{"footnotes":""},"class_list":["post-7051","page","type-page","status-publish","hentry","no-post-thumbnail"],"yoast_head":"<!-- This site is optimized with the Yoast SEO Premium plugin v25.3 (Yoast SEO v27.2) - https:\/\/yoast.com\/product\/yoast-seo-premium-wordpress\/ -->\n<title>Capacitaci\u00f3n B\u00e1sica de Usuarios - SigniFlow \u00ae - Academy<\/title>\n<meta name=\"robots\" content=\"index, follow, max-snippet:-1, max-image-preview:large, max-video-preview:-1\" \/>\n<link rel=\"canonical\" href=\"https:\/\/www.signiflow.com\/academy\/es\/capacitacion-basica-de-usuarios-v-2025\/\" \/>\n<meta property=\"og:locale\" content=\"es_ES\" \/>\n<meta property=\"og:type\" content=\"article\" \/>\n<meta property=\"og:title\" content=\"Capacitaci\u00f3n B\u00e1sica de Usuarios\" \/>\n<meta property=\"og:description\" content=\"HomeV.2025 Enhanced WorkflowV.2024 and olderSigniFlow Primeros Pasos: Recorrido por el Sistema Principal VIDEOS DESTACADOS Capacitaci\u00f3n B\u00e1sica de Usuarios Signiflow treinamento b\u00e1sico do usu\u00e1rio, mostra como come\u00e7ar com Signiflow e navegar na interface. Nestes v\u00eddeos, voc\u00ea vai aprender tudo sobre suas fun\u00e7\u00f5es Signiflow Profile e Dashboard, bem como como configurar sua ... Read More\" \/>\n<meta property=\"og:url\" content=\"https:\/\/www.signiflow.com\/academy\/es\/capacitacion-basica-de-usuarios-v-2025\/\" \/>\n<meta property=\"og:site_name\" content=\"SigniFlow \u00ae - Academy\" \/>\n<meta property=\"article:modified_time\" content=\"2026-03-09T20:41:07+00:00\" \/>\n<meta name=\"twitter:card\" content=\"summary_large_image\" \/>\n<meta name=\"twitter:label1\" content=\"Tiempo de lectura\" \/>\n\t<meta name=\"twitter:data1\" content=\"6 minutos\" \/>\n<script type=\"application\/ld+json\" class=\"yoast-schema-graph\">{\"@context\":\"https:\/\/schema.org\",\"@graph\":[{\"@type\":\"WebPage\",\"@id\":\"https:\/\/www.signiflow.com\/academy\/es\/capacitacion-basica-de-usuarios-v-2025\/\",\"url\":\"https:\/\/www.signiflow.com\/academy\/es\/capacitacion-basica-de-usuarios-v-2025\/\",\"name\":\"Capacitaci\u00f3n B\u00e1sica de Usuarios - SigniFlow \u00ae - Academy\",\"isPartOf\":{\"@id\":\"https:\/\/www.signiflow.com\/academy\/#website\"},\"datePublished\":\"2025-02-06T12:24:39+00:00\",\"dateModified\":\"2026-03-09T20:41:07+00:00\",\"breadcrumb\":{\"@id\":\"https:\/\/www.signiflow.com\/academy\/es\/capacitacion-basica-de-usuarios-v-2025\/#breadcrumb\"},\"inLanguage\":\"es\",\"potentialAction\":[{\"@type\":\"ReadAction\",\"target\":[\"https:\/\/www.signiflow.com\/academy\/es\/capacitacion-basica-de-usuarios-v-2025\/\"]}]},{\"@type\":\"BreadcrumbList\",\"@id\":\"https:\/\/www.signiflow.com\/academy\/es\/capacitacion-basica-de-usuarios-v-2025\/#breadcrumb\",\"itemListElement\":[{\"@type\":\"ListItem\",\"position\":1,\"name\":\"Home\",\"item\":\"https:\/\/www.signiflow.com\/academy\/es\/pagina-principal-academia\/\"},{\"@type\":\"ListItem\",\"position\":2,\"name\":\"Capacitaci\u00f3n B\u00e1sica de Usuarios\"}]},{\"@type\":\"WebSite\",\"@id\":\"https:\/\/www.signiflow.com\/academy\/#website\",\"url\":\"https:\/\/www.signiflow.com\/academy\/\",\"name\":\"SigniFlow \u00ae - Academy\",\"description\":\"Digital and Electronic Signature Workflow\",\"potentialAction\":[{\"@type\":\"SearchAction\",\"target\":{\"@type\":\"EntryPoint\",\"urlTemplate\":\"https:\/\/www.signiflow.com\/academy\/?s={search_term_string}\"},\"query-input\":{\"@type\":\"PropertyValueSpecification\",\"valueRequired\":true,\"valueName\":\"search_term_string\"}}],\"inLanguage\":\"es\"}]}<\/script>\n<!-- \/ Yoast SEO Premium plugin. -->","yoast_head_json":{"title":"Capacitaci\u00f3n B\u00e1sica de Usuarios - SigniFlow \u00ae - Academy","robots":{"index":"index","follow":"follow","max-snippet":"max-snippet:-1","max-image-preview":"max-image-preview:large","max-video-preview":"max-video-preview:-1"},"canonical":"https:\/\/www.signiflow.com\/academy\/es\/capacitacion-basica-de-usuarios-v-2025\/","og_locale":"es_ES","og_type":"article","og_title":"Capacitaci\u00f3n B\u00e1sica de Usuarios","og_description":"HomeV.2025 Enhanced WorkflowV.2024 and olderSigniFlow Primeros Pasos: Recorrido por el Sistema Principal VIDEOS DESTACADOS Capacitaci\u00f3n B\u00e1sica de Usuarios Signiflow treinamento b\u00e1sico do usu\u00e1rio, mostra como come\u00e7ar com Signiflow e navegar na interface. Nestes v\u00eddeos, voc\u00ea vai aprender tudo sobre suas fun\u00e7\u00f5es Signiflow Profile e Dashboard, bem como como configurar sua ... Read More","og_url":"https:\/\/www.signiflow.com\/academy\/es\/capacitacion-basica-de-usuarios-v-2025\/","og_site_name":"SigniFlow \u00ae - Academy","article_modified_time":"2026-03-09T20:41:07+00:00","twitter_card":"summary_large_image","twitter_misc":{"Tiempo de lectura":"6 minutos"},"schema":{"@context":"https:\/\/schema.org","@graph":[{"@type":"WebPage","@id":"https:\/\/www.signiflow.com\/academy\/es\/capacitacion-basica-de-usuarios-v-2025\/","url":"https:\/\/www.signiflow.com\/academy\/es\/capacitacion-basica-de-usuarios-v-2025\/","name":"Capacitaci\u00f3n B\u00e1sica de Usuarios - SigniFlow \u00ae - Academy","isPartOf":{"@id":"https:\/\/www.signiflow.com\/academy\/#website"},"datePublished":"2025-02-06T12:24:39+00:00","dateModified":"2026-03-09T20:41:07+00:00","breadcrumb":{"@id":"https:\/\/www.signiflow.com\/academy\/es\/capacitacion-basica-de-usuarios-v-2025\/#breadcrumb"},"inLanguage":"es","potentialAction":[{"@type":"ReadAction","target":["https:\/\/www.signiflow.com\/academy\/es\/capacitacion-basica-de-usuarios-v-2025\/"]}]},{"@type":"BreadcrumbList","@id":"https:\/\/www.signiflow.com\/academy\/es\/capacitacion-basica-de-usuarios-v-2025\/#breadcrumb","itemListElement":[{"@type":"ListItem","position":1,"name":"Home","item":"https:\/\/www.signiflow.com\/academy\/es\/pagina-principal-academia\/"},{"@type":"ListItem","position":2,"name":"Capacitaci\u00f3n B\u00e1sica de Usuarios"}]},{"@type":"WebSite","@id":"https:\/\/www.signiflow.com\/academy\/#website","url":"https:\/\/www.signiflow.com\/academy\/","name":"SigniFlow \u00ae - Academy","description":"Digital and Electronic Signature Workflow","potentialAction":[{"@type":"SearchAction","target":{"@type":"EntryPoint","urlTemplate":"https:\/\/www.signiflow.com\/academy\/?s={search_term_string}"},"query-input":{"@type":"PropertyValueSpecification","valueRequired":true,"valueName":"search_term_string"}}],"inLanguage":"es"}]}},"_links":{"self":[{"href":"https:\/\/www.signiflow.com\/academy\/es\/wp-json\/wp\/v2\/pages\/7051","targetHints":{"allow":["GET"]}}],"collection":[{"href":"https:\/\/www.signiflow.com\/academy\/es\/wp-json\/wp\/v2\/pages"}],"about":[{"href":"https:\/\/www.signiflow.com\/academy\/es\/wp-json\/wp\/v2\/types\/page"}],"author":[{"embeddable":true,"href":"https:\/\/www.signiflow.com\/academy\/es\/wp-json\/wp\/v2\/users\/29"}],"replies":[{"embeddable":true,"href":"https:\/\/www.signiflow.com\/academy\/es\/wp-json\/wp\/v2\/comments?post=7051"}],"version-history":[{"count":0,"href":"https:\/\/www.signiflow.com\/academy\/es\/wp-json\/wp\/v2\/pages\/7051\/revisions"}],"wp:attachment":[{"href":"https:\/\/www.signiflow.com\/academy\/es\/wp-json\/wp\/v2\/media?parent=7051"}],"curies":[{"name":"wp","href":"https:\/\/api.w.org\/{rel}","templated":true}]}}