{"id":7067,"date":"2025-02-07T10:52:09","date_gmt":"2025-02-07T10:52:09","guid":{"rendered":"https:\/\/signiflowdev.wpengine.com\/academy\/facesign-spanish\/"},"modified":"2025-05-12T11:13:54","modified_gmt":"2025-05-12T11:13:54","slug":"facesign-es","status":"publish","type":"page","link":"https:\/\/www.signiflow.com\/academy\/es\/capacitacion-avanzada-de-usuarios-v-2025\/facesign-es\/","title":{"rendered":"Facesign"},"content":{"rendered":"<div id=\"cs-content\" class=\"cs-content\"><\/div>\n","protected":false},"excerpt":{"rendered":"<p>HomeV.2025 Enhanced Workflowsentiment_analysisFacesign FaceSign es una soluci\u00f3n avanzada de autenticaci\u00f3n biom\u00e9trica facial que garantiza una firma digital segura, fluida y a prueba de fraudes. Gracias a la tecnolog\u00eda de reconocimiento facial de \u00faltima generaci\u00f3n, FaceSign verifica la identidad del usuario en tiempo real, a\u00f1adiendo una capa adicional de seguridad a &#8230; <a href=\"https:\/\/www.signiflow.com\/academy\/es\/capacitacion-avanzada-de-usuarios-v-2025\/facesign-es\/\" class=\"more-link\">Read More<\/a><\/p>\n","protected":false},"author":29,"featured_media":0,"parent":7062,"menu_order":0,"comment_status":"closed","ping_status":"closed","template":"template-blank-4.php","meta":{"footnotes":""},"class_list":["post-7067","page","type-page","status-publish","hentry","no-post-thumbnail"],"yoast_head":"<!-- This site is optimized with the Yoast SEO Premium plugin v25.3 (Yoast SEO v27.5) - https:\/\/yoast.com\/product\/yoast-seo-premium-wordpress\/ -->\n<title>Facesign - SigniFlow \u00ae - Academy<\/title>\n<meta name=\"robots\" content=\"index, follow, max-snippet:-1, max-image-preview:large, max-video-preview:-1\" \/>\n<link rel=\"canonical\" href=\"https:\/\/www.signiflow.com\/academy\/es\/capacitacion-avanzada-de-usuarios-v-2025\/facesign-es\/\" \/>\n<meta property=\"og:locale\" content=\"es_ES\" \/>\n<meta property=\"og:type\" content=\"article\" \/>\n<meta property=\"og:title\" content=\"Facesign\" \/>\n<meta property=\"og:description\" content=\"HomeV.2025 Enhanced Workflowsentiment_analysisFacesign FaceSign es una soluci\u00f3n avanzada de autenticaci\u00f3n biom\u00e9trica facial que garantiza una firma digital segura, fluida y a prueba de fraudes. Gracias a la tecnolog\u00eda de reconocimiento facial de \u00faltima generaci\u00f3n, FaceSign verifica la identidad del usuario en tiempo real, a\u00f1adiendo una capa adicional de seguridad a ... Read More\" \/>\n<meta property=\"og:url\" content=\"https:\/\/www.signiflow.com\/academy\/es\/capacitacion-avanzada-de-usuarios-v-2025\/facesign-es\/\" \/>\n<meta property=\"og:site_name\" content=\"SigniFlow \u00ae - Academy\" \/>\n<meta property=\"article:modified_time\" content=\"2025-05-12T11:13:54+00:00\" \/>\n<meta name=\"twitter:card\" content=\"summary_large_image\" \/>\n<meta name=\"twitter:label1\" content=\"Tiempo de lectura\" \/>\n\t<meta name=\"twitter:data1\" content=\"2 minutos\" \/>\n<script type=\"application\/ld+json\" class=\"yoast-schema-graph\">{\"@context\":\"https:\\\/\\\/schema.org\",\"@graph\":[{\"@type\":\"WebPage\",\"@id\":\"https:\\\/\\\/www.signiflow.com\\\/academy\\\/es\\\/capacitacion-avanzada-de-usuarios-v-2025\\\/facesign-es\\\/\",\"url\":\"https:\\\/\\\/www.signiflow.com\\\/academy\\\/es\\\/capacitacion-avanzada-de-usuarios-v-2025\\\/facesign-es\\\/\",\"name\":\"Facesign - SigniFlow \u00ae - Academy\",\"isPartOf\":{\"@id\":\"https:\\\/\\\/www.signiflow.com\\\/academy\\\/#website\"},\"datePublished\":\"2025-02-07T10:52:09+00:00\",\"dateModified\":\"2025-05-12T11:13:54+00:00\",\"breadcrumb\":{\"@id\":\"https:\\\/\\\/www.signiflow.com\\\/academy\\\/es\\\/capacitacion-avanzada-de-usuarios-v-2025\\\/facesign-es\\\/#breadcrumb\"},\"inLanguage\":\"es\",\"potentialAction\":[{\"@type\":\"ReadAction\",\"target\":[\"https:\\\/\\\/www.signiflow.com\\\/academy\\\/es\\\/capacitacion-avanzada-de-usuarios-v-2025\\\/facesign-es\\\/\"]}]},{\"@type\":\"BreadcrumbList\",\"@id\":\"https:\\\/\\\/www.signiflow.com\\\/academy\\\/es\\\/capacitacion-avanzada-de-usuarios-v-2025\\\/facesign-es\\\/#breadcrumb\",\"itemListElement\":[{\"@type\":\"ListItem\",\"position\":1,\"name\":\"Home\",\"item\":\"https:\\\/\\\/www.signiflow.com\\\/academy\\\/es\\\/pagina-principal-academia\\\/\"},{\"@type\":\"ListItem\",\"position\":2,\"name\":\"Capacitaci\u00f3n Avanzada de Usuarios v.2025\",\"item\":\"https:\\\/\\\/www.signiflow.com\\\/academy\\\/es\\\/capacitacion-avanzada-de-usuarios-v-2025\\\/\"},{\"@type\":\"ListItem\",\"position\":3,\"name\":\"Facesign\"}]},{\"@type\":\"WebSite\",\"@id\":\"https:\\\/\\\/www.signiflow.com\\\/academy\\\/#website\",\"url\":\"https:\\\/\\\/www.signiflow.com\\\/academy\\\/\",\"name\":\"SigniFlow \u00ae - Academy\",\"description\":\"Digital and Electronic Signature Workflow\",\"potentialAction\":[{\"@type\":\"SearchAction\",\"target\":{\"@type\":\"EntryPoint\",\"urlTemplate\":\"https:\\\/\\\/www.signiflow.com\\\/academy\\\/?s={search_term_string}\"},\"query-input\":{\"@type\":\"PropertyValueSpecification\",\"valueRequired\":true,\"valueName\":\"search_term_string\"}}],\"inLanguage\":\"es\"}]}<\/script>\n<!-- \/ Yoast SEO Premium plugin. -->","yoast_head_json":{"title":"Facesign - SigniFlow \u00ae - Academy","robots":{"index":"index","follow":"follow","max-snippet":"max-snippet:-1","max-image-preview":"max-image-preview:large","max-video-preview":"max-video-preview:-1"},"canonical":"https:\/\/www.signiflow.com\/academy\/es\/capacitacion-avanzada-de-usuarios-v-2025\/facesign-es\/","og_locale":"es_ES","og_type":"article","og_title":"Facesign","og_description":"HomeV.2025 Enhanced Workflowsentiment_analysisFacesign FaceSign es una soluci\u00f3n avanzada de autenticaci\u00f3n biom\u00e9trica facial que garantiza una firma digital segura, fluida y a prueba de fraudes. Gracias a la tecnolog\u00eda de reconocimiento facial de \u00faltima generaci\u00f3n, FaceSign verifica la identidad del usuario en tiempo real, a\u00f1adiendo una capa adicional de seguridad a ... Read More","og_url":"https:\/\/www.signiflow.com\/academy\/es\/capacitacion-avanzada-de-usuarios-v-2025\/facesign-es\/","og_site_name":"SigniFlow \u00ae - Academy","article_modified_time":"2025-05-12T11:13:54+00:00","twitter_card":"summary_large_image","twitter_misc":{"Tiempo de lectura":"2 minutos"},"schema":{"@context":"https:\/\/schema.org","@graph":[{"@type":"WebPage","@id":"https:\/\/www.signiflow.com\/academy\/es\/capacitacion-avanzada-de-usuarios-v-2025\/facesign-es\/","url":"https:\/\/www.signiflow.com\/academy\/es\/capacitacion-avanzada-de-usuarios-v-2025\/facesign-es\/","name":"Facesign - SigniFlow \u00ae - Academy","isPartOf":{"@id":"https:\/\/www.signiflow.com\/academy\/#website"},"datePublished":"2025-02-07T10:52:09+00:00","dateModified":"2025-05-12T11:13:54+00:00","breadcrumb":{"@id":"https:\/\/www.signiflow.com\/academy\/es\/capacitacion-avanzada-de-usuarios-v-2025\/facesign-es\/#breadcrumb"},"inLanguage":"es","potentialAction":[{"@type":"ReadAction","target":["https:\/\/www.signiflow.com\/academy\/es\/capacitacion-avanzada-de-usuarios-v-2025\/facesign-es\/"]}]},{"@type":"BreadcrumbList","@id":"https:\/\/www.signiflow.com\/academy\/es\/capacitacion-avanzada-de-usuarios-v-2025\/facesign-es\/#breadcrumb","itemListElement":[{"@type":"ListItem","position":1,"name":"Home","item":"https:\/\/www.signiflow.com\/academy\/es\/pagina-principal-academia\/"},{"@type":"ListItem","position":2,"name":"Capacitaci\u00f3n Avanzada de Usuarios v.2025","item":"https:\/\/www.signiflow.com\/academy\/es\/capacitacion-avanzada-de-usuarios-v-2025\/"},{"@type":"ListItem","position":3,"name":"Facesign"}]},{"@type":"WebSite","@id":"https:\/\/www.signiflow.com\/academy\/#website","url":"https:\/\/www.signiflow.com\/academy\/","name":"SigniFlow \u00ae - Academy","description":"Digital and Electronic Signature Workflow","potentialAction":[{"@type":"SearchAction","target":{"@type":"EntryPoint","urlTemplate":"https:\/\/www.signiflow.com\/academy\/?s={search_term_string}"},"query-input":{"@type":"PropertyValueSpecification","valueRequired":true,"valueName":"search_term_string"}}],"inLanguage":"es"}]}},"_links":{"self":[{"href":"https:\/\/www.signiflow.com\/academy\/es\/wp-json\/wp\/v2\/pages\/7067","targetHints":{"allow":["GET"]}}],"collection":[{"href":"https:\/\/www.signiflow.com\/academy\/es\/wp-json\/wp\/v2\/pages"}],"about":[{"href":"https:\/\/www.signiflow.com\/academy\/es\/wp-json\/wp\/v2\/types\/page"}],"author":[{"embeddable":true,"href":"https:\/\/www.signiflow.com\/academy\/es\/wp-json\/wp\/v2\/users\/29"}],"replies":[{"embeddable":true,"href":"https:\/\/www.signiflow.com\/academy\/es\/wp-json\/wp\/v2\/comments?post=7067"}],"version-history":[{"count":0,"href":"https:\/\/www.signiflow.com\/academy\/es\/wp-json\/wp\/v2\/pages\/7067\/revisions"}],"up":[{"embeddable":true,"href":"https:\/\/www.signiflow.com\/academy\/es\/wp-json\/wp\/v2\/pages\/7062"}],"wp:attachment":[{"href":"https:\/\/www.signiflow.com\/academy\/es\/wp-json\/wp\/v2\/media?parent=7067"}],"curies":[{"name":"wp","href":"https:\/\/api.w.org\/{rel}","templated":true}]}}