{"id":7079,"date":"2025-05-12T10:21:20","date_gmt":"2025-05-12T10:21:20","guid":{"rendered":"https:\/\/signiflowdev.wpengine.com\/academy\/forms-spanish\/"},"modified":"2025-05-29T08:35:05","modified_gmt":"2025-05-29T08:35:05","slug":"formularios-v2025","status":"publish","type":"page","link":"https:\/\/www.signiflow.com\/academy\/es\/capacitacion-avanzada-de-usuarios-v-2025\/formularios-v2025\/","title":{"rendered":"Formularios"},"content":{"rendered":"<div id=\"cs-content\" class=\"cs-content\"><\/div>\n","protected":false},"excerpt":{"rendered":"<p>HomeV.2025 Enhanced WorkflowV.2024 and olderFormularios Formularios es donde usted ve, rellena y env\u00eda (para firmar o aprobar, dependiendo de su objetivo de documento espec\u00edfico) los formularios que han sido establecidos por el administrador designado en el Constructor de Formularios. M\u00f3dulos del Curso Course ModulesFacesignFirma Facial de SigniFlowFormulariosC\u00f3mo agilizar las aprobaciones &#8230; <a href=\"https:\/\/www.signiflow.com\/academy\/es\/capacitacion-avanzada-de-usuarios-v-2025\/formularios-v2025\/\" class=\"more-link\">Read More<\/a><\/p>\n","protected":false},"author":29,"featured_media":0,"parent":7062,"menu_order":0,"comment_status":"closed","ping_status":"closed","template":"template-blank-4.php","meta":{"footnotes":""},"class_list":["post-7079","page","type-page","status-publish","hentry","no-post-thumbnail"],"yoast_head":"<!-- This site is optimized with the Yoast SEO Premium plugin v25.3 (Yoast SEO v27.5) - https:\/\/yoast.com\/product\/yoast-seo-premium-wordpress\/ -->\n<title>Formularios - SigniFlow \u00ae - Academy<\/title>\n<meta name=\"robots\" content=\"index, follow, max-snippet:-1, max-image-preview:large, max-video-preview:-1\" \/>\n<link rel=\"canonical\" href=\"https:\/\/www.signiflow.com\/academy\/es\/capacitacion-avanzada-de-usuarios-v-2025\/formularios-v2025\/\" \/>\n<meta property=\"og:locale\" content=\"es_ES\" \/>\n<meta property=\"og:type\" content=\"article\" \/>\n<meta property=\"og:title\" content=\"Formularios\" \/>\n<meta property=\"og:description\" content=\"HomeV.2025 Enhanced WorkflowV.2024 and olderFormularios Formularios es donde usted ve, rellena y env\u00eda (para firmar o aprobar, dependiendo de su objetivo de documento espec\u00edfico) los formularios que han sido establecidos por el administrador designado en el Constructor de Formularios. M\u00f3dulos del Curso Course ModulesFacesignFirma Facial de SigniFlowFormulariosC\u00f3mo agilizar las aprobaciones ... Read More\" \/>\n<meta property=\"og:url\" content=\"https:\/\/www.signiflow.com\/academy\/es\/capacitacion-avanzada-de-usuarios-v-2025\/formularios-v2025\/\" \/>\n<meta property=\"og:site_name\" content=\"SigniFlow \u00ae - Academy\" \/>\n<meta property=\"article:modified_time\" content=\"2025-05-29T08:35:05+00:00\" \/>\n<meta name=\"twitter:card\" content=\"summary_large_image\" \/>\n<meta name=\"twitter:label1\" content=\"Tiempo de lectura\" \/>\n\t<meta name=\"twitter:data1\" content=\"2 minutos\" \/>\n<script type=\"application\/ld+json\" class=\"yoast-schema-graph\">{\"@context\":\"https:\\\/\\\/schema.org\",\"@graph\":[{\"@type\":\"WebPage\",\"@id\":\"https:\\\/\\\/www.signiflow.com\\\/academy\\\/es\\\/capacitacion-avanzada-de-usuarios-v-2025\\\/formularios-v2025\\\/\",\"url\":\"https:\\\/\\\/www.signiflow.com\\\/academy\\\/es\\\/capacitacion-avanzada-de-usuarios-v-2025\\\/formularios-v2025\\\/\",\"name\":\"Formularios - SigniFlow \u00ae - Academy\",\"isPartOf\":{\"@id\":\"https:\\\/\\\/www.signiflow.com\\\/academy\\\/#website\"},\"datePublished\":\"2025-05-12T10:21:20+00:00\",\"dateModified\":\"2025-05-29T08:35:05+00:00\",\"breadcrumb\":{\"@id\":\"https:\\\/\\\/www.signiflow.com\\\/academy\\\/es\\\/capacitacion-avanzada-de-usuarios-v-2025\\\/formularios-v2025\\\/#breadcrumb\"},\"inLanguage\":\"es\",\"potentialAction\":[{\"@type\":\"ReadAction\",\"target\":[\"https:\\\/\\\/www.signiflow.com\\\/academy\\\/es\\\/capacitacion-avanzada-de-usuarios-v-2025\\\/formularios-v2025\\\/\"]}]},{\"@type\":\"BreadcrumbList\",\"@id\":\"https:\\\/\\\/www.signiflow.com\\\/academy\\\/es\\\/capacitacion-avanzada-de-usuarios-v-2025\\\/formularios-v2025\\\/#breadcrumb\",\"itemListElement\":[{\"@type\":\"ListItem\",\"position\":1,\"name\":\"Home\",\"item\":\"https:\\\/\\\/www.signiflow.com\\\/academy\\\/es\\\/pagina-principal-academia\\\/\"},{\"@type\":\"ListItem\",\"position\":2,\"name\":\"Capacitaci\u00f3n Avanzada de Usuarios v.2025\",\"item\":\"https:\\\/\\\/www.signiflow.com\\\/academy\\\/es\\\/capacitacion-avanzada-de-usuarios-v-2025\\\/\"},{\"@type\":\"ListItem\",\"position\":3,\"name\":\"Formularios\"}]},{\"@type\":\"WebSite\",\"@id\":\"https:\\\/\\\/www.signiflow.com\\\/academy\\\/#website\",\"url\":\"https:\\\/\\\/www.signiflow.com\\\/academy\\\/\",\"name\":\"SigniFlow \u00ae - Academy\",\"description\":\"Digital and Electronic Signature Workflow\",\"potentialAction\":[{\"@type\":\"SearchAction\",\"target\":{\"@type\":\"EntryPoint\",\"urlTemplate\":\"https:\\\/\\\/www.signiflow.com\\\/academy\\\/?s={search_term_string}\"},\"query-input\":{\"@type\":\"PropertyValueSpecification\",\"valueRequired\":true,\"valueName\":\"search_term_string\"}}],\"inLanguage\":\"es\"}]}<\/script>\n<!-- \/ Yoast SEO Premium plugin. -->","yoast_head_json":{"title":"Formularios - SigniFlow \u00ae - Academy","robots":{"index":"index","follow":"follow","max-snippet":"max-snippet:-1","max-image-preview":"max-image-preview:large","max-video-preview":"max-video-preview:-1"},"canonical":"https:\/\/www.signiflow.com\/academy\/es\/capacitacion-avanzada-de-usuarios-v-2025\/formularios-v2025\/","og_locale":"es_ES","og_type":"article","og_title":"Formularios","og_description":"HomeV.2025 Enhanced WorkflowV.2024 and olderFormularios Formularios es donde usted ve, rellena y env\u00eda (para firmar o aprobar, dependiendo de su objetivo de documento espec\u00edfico) los formularios que han sido establecidos por el administrador designado en el Constructor de Formularios. M\u00f3dulos del Curso Course ModulesFacesignFirma Facial de SigniFlowFormulariosC\u00f3mo agilizar las aprobaciones ... Read More","og_url":"https:\/\/www.signiflow.com\/academy\/es\/capacitacion-avanzada-de-usuarios-v-2025\/formularios-v2025\/","og_site_name":"SigniFlow \u00ae - Academy","article_modified_time":"2025-05-29T08:35:05+00:00","twitter_card":"summary_large_image","twitter_misc":{"Tiempo de lectura":"2 minutos"},"schema":{"@context":"https:\/\/schema.org","@graph":[{"@type":"WebPage","@id":"https:\/\/www.signiflow.com\/academy\/es\/capacitacion-avanzada-de-usuarios-v-2025\/formularios-v2025\/","url":"https:\/\/www.signiflow.com\/academy\/es\/capacitacion-avanzada-de-usuarios-v-2025\/formularios-v2025\/","name":"Formularios - SigniFlow \u00ae - Academy","isPartOf":{"@id":"https:\/\/www.signiflow.com\/academy\/#website"},"datePublished":"2025-05-12T10:21:20+00:00","dateModified":"2025-05-29T08:35:05+00:00","breadcrumb":{"@id":"https:\/\/www.signiflow.com\/academy\/es\/capacitacion-avanzada-de-usuarios-v-2025\/formularios-v2025\/#breadcrumb"},"inLanguage":"es","potentialAction":[{"@type":"ReadAction","target":["https:\/\/www.signiflow.com\/academy\/es\/capacitacion-avanzada-de-usuarios-v-2025\/formularios-v2025\/"]}]},{"@type":"BreadcrumbList","@id":"https:\/\/www.signiflow.com\/academy\/es\/capacitacion-avanzada-de-usuarios-v-2025\/formularios-v2025\/#breadcrumb","itemListElement":[{"@type":"ListItem","position":1,"name":"Home","item":"https:\/\/www.signiflow.com\/academy\/es\/pagina-principal-academia\/"},{"@type":"ListItem","position":2,"name":"Capacitaci\u00f3n Avanzada de Usuarios v.2025","item":"https:\/\/www.signiflow.com\/academy\/es\/capacitacion-avanzada-de-usuarios-v-2025\/"},{"@type":"ListItem","position":3,"name":"Formularios"}]},{"@type":"WebSite","@id":"https:\/\/www.signiflow.com\/academy\/#website","url":"https:\/\/www.signiflow.com\/academy\/","name":"SigniFlow \u00ae - Academy","description":"Digital and Electronic Signature Workflow","potentialAction":[{"@type":"SearchAction","target":{"@type":"EntryPoint","urlTemplate":"https:\/\/www.signiflow.com\/academy\/?s={search_term_string}"},"query-input":{"@type":"PropertyValueSpecification","valueRequired":true,"valueName":"search_term_string"}}],"inLanguage":"es"}]}},"_links":{"self":[{"href":"https:\/\/www.signiflow.com\/academy\/es\/wp-json\/wp\/v2\/pages\/7079","targetHints":{"allow":["GET"]}}],"collection":[{"href":"https:\/\/www.signiflow.com\/academy\/es\/wp-json\/wp\/v2\/pages"}],"about":[{"href":"https:\/\/www.signiflow.com\/academy\/es\/wp-json\/wp\/v2\/types\/page"}],"author":[{"embeddable":true,"href":"https:\/\/www.signiflow.com\/academy\/es\/wp-json\/wp\/v2\/users\/29"}],"replies":[{"embeddable":true,"href":"https:\/\/www.signiflow.com\/academy\/es\/wp-json\/wp\/v2\/comments?post=7079"}],"version-history":[{"count":0,"href":"https:\/\/www.signiflow.com\/academy\/es\/wp-json\/wp\/v2\/pages\/7079\/revisions"}],"up":[{"embeddable":true,"href":"https:\/\/www.signiflow.com\/academy\/es\/wp-json\/wp\/v2\/pages\/7062"}],"wp:attachment":[{"href":"https:\/\/www.signiflow.com\/academy\/es\/wp-json\/wp\/v2\/media?parent=7079"}],"curies":[{"name":"wp","href":"https:\/\/api.w.org\/{rel}","templated":true}]}}