{"id":6101,"date":"2022-03-09T12:34:59","date_gmt":"2022-03-09T12:34:59","guid":{"rendered":"https:\/\/signiflowdev.wpengine.com\/academy\/pagina-principal\/"},"modified":"2025-11-11T09:30:52","modified_gmt":"2025-11-11T09:30:52","slug":"pagina-principal","status":"publish","type":"page","link":"https:\/\/www.signiflow.com\/academy\/pt-br\/","title":{"rendered":"Pagina Principal"},"content":{"rendered":"<div id=\"cs-content\" class=\"cs-content\"><\/div>\n","protected":false},"excerpt":{"rendered":"<p>Torne-se um Ninja de SigniFlow Aprenda os meandros do Signiflow atrav&eacute;s de nossos tutoriais em v&iacute;deo.SearchSubmitClearV.2025 Enhanced WorkflowV.2024 and olderTreinamento b\u00e1sico do usu\u00e1rio Esta se\u00e7\u00e3o abrange todos os princ\u00edpios que voc\u00ea precisa saber para se registrar como um usu\u00e1rio de Signiflow e para come\u00e7ar a usar a ferramenta de fluxo &#8230; <a href=\"https:\/\/www.signiflow.com\/academy\/pt-br\/\" class=\"more-link\">Read More<\/a><\/p>\n","protected":false},"author":29,"featured_media":0,"parent":0,"menu_order":6,"comment_status":"closed","ping_status":"closed","template":"template-blank-4.php","meta":{"footnotes":""},"class_list":["post-6101","page","type-page","status-publish","hentry","no-post-thumbnail"],"yoast_head":"<!-- This site is optimized with the Yoast SEO Premium plugin v25.3 (Yoast SEO v27.2) - https:\/\/yoast.com\/product\/yoast-seo-premium-wordpress\/ -->\n<title>Pagina Principal - SigniFlow \u00ae - Academy<\/title>\n<meta name=\"robots\" content=\"index, follow, max-snippet:-1, max-image-preview:large, max-video-preview:-1\" \/>\n<link rel=\"canonical\" href=\"https:\/\/www.signiflow.com\/academy\/pt-br\/pagina-principal\/\" \/>\n<meta property=\"og:locale\" content=\"pt_BR\" \/>\n<meta property=\"og:type\" content=\"article\" \/>\n<meta property=\"og:title\" content=\"Pagina Principal\" \/>\n<meta property=\"og:description\" content=\"Torne-se um Ninja de SigniFlow Aprenda os meandros do Signiflow atrav&eacute;s de nossos tutoriais em v&iacute;deo.SearchSubmitClearV.2025 Enhanced WorkflowV.2024 and olderTreinamento b\u00e1sico do usu\u00e1rio Esta se\u00e7\u00e3o abrange todos os princ\u00edpios que voc\u00ea precisa saber para se registrar como um usu\u00e1rio de Signiflow e para come\u00e7ar a usar a ferramenta de fluxo ... Read More\" \/>\n<meta property=\"og:url\" content=\"https:\/\/www.signiflow.com\/academy\/pt-br\/pagina-principal\/\" \/>\n<meta property=\"og:site_name\" content=\"SigniFlow \u00ae - Academy\" \/>\n<meta property=\"article:modified_time\" content=\"2025-11-11T09:30:52+00:00\" \/>\n<meta property=\"og:image\" content=\"https:\/\/www.signiflow.com\/academy\/wp-content\/uploads\/sites\/3\/2021\/12\/GRADUATE-NINJA-2-300x300-1-300x300.png\" \/>\n<meta name=\"twitter:card\" content=\"summary_large_image\" \/>\n<meta name=\"twitter:image\" content=\"https:\/\/www.signiflow.com\/academy\/wp-content\/uploads\/sites\/3\/2021\/12\/GRADUATE-NINJA-2-300x300-1.png\" \/>\n<meta name=\"twitter:label1\" content=\"Est. tempo de leitura\" \/>\n\t<meta name=\"twitter:data1\" content=\"1 minuto\" \/>\n<script type=\"application\/ld+json\" class=\"yoast-schema-graph\">{\"@context\":\"https:\/\/schema.org\",\"@graph\":[{\"@type\":\"WebPage\",\"@id\":\"https:\/\/www.signiflow.com\/academy\/pt-br\/pagina-principal\/\",\"url\":\"https:\/\/www.signiflow.com\/academy\/pt-br\/pagina-principal\/\",\"name\":\"Pagina Principal - SigniFlow \u00ae - Academy\",\"isPartOf\":{\"@id\":\"https:\/\/www.signiflow.com\/academy\/#website\"},\"datePublished\":\"2022-03-09T12:34:59+00:00\",\"dateModified\":\"2025-11-11T09:30:52+00:00\",\"breadcrumb\":{\"@id\":\"https:\/\/www.signiflow.com\/academy\/pt-br\/pagina-principal\/#breadcrumb\"},\"inLanguage\":\"pt-BR\",\"potentialAction\":[{\"@type\":\"ReadAction\",\"target\":[\"https:\/\/www.signiflow.com\/academy\/pt-br\/pagina-principal\/\"]}]},{\"@type\":\"BreadcrumbList\",\"@id\":\"https:\/\/www.signiflow.com\/academy\/pt-br\/pagina-principal\/#breadcrumb\",\"itemListElement\":[{\"@type\":\"ListItem\",\"position\":1,\"name\":\"Home\",\"item\":\"https:\/\/www.signiflow.com\/academy\/pt-br\/pagina-principal\/\"},{\"@type\":\"ListItem\",\"position\":2,\"name\":\"Pagina Principal\"}]},{\"@type\":\"WebSite\",\"@id\":\"https:\/\/www.signiflow.com\/academy\/#website\",\"url\":\"https:\/\/www.signiflow.com\/academy\/\",\"name\":\"SigniFlow \u00ae - Academy\",\"description\":\"Digital and Electronic Signature Workflow\",\"potentialAction\":[{\"@type\":\"SearchAction\",\"target\":{\"@type\":\"EntryPoint\",\"urlTemplate\":\"https:\/\/www.signiflow.com\/academy\/?s={search_term_string}\"},\"query-input\":{\"@type\":\"PropertyValueSpecification\",\"valueRequired\":true,\"valueName\":\"search_term_string\"}}],\"inLanguage\":\"pt-BR\"}]}<\/script>\n<!-- \/ Yoast SEO Premium plugin. -->","yoast_head_json":{"title":"Pagina Principal - SigniFlow \u00ae - Academy","robots":{"index":"index","follow":"follow","max-snippet":"max-snippet:-1","max-image-preview":"max-image-preview:large","max-video-preview":"max-video-preview:-1"},"canonical":"https:\/\/www.signiflow.com\/academy\/pt-br\/pagina-principal\/","og_locale":"pt_BR","og_type":"article","og_title":"Pagina Principal","og_description":"Torne-se um Ninja de SigniFlow Aprenda os meandros do Signiflow atrav&eacute;s de nossos tutoriais em v&iacute;deo.SearchSubmitClearV.2025 Enhanced WorkflowV.2024 and olderTreinamento b\u00e1sico do usu\u00e1rio Esta se\u00e7\u00e3o abrange todos os princ\u00edpios que voc\u00ea precisa saber para se registrar como um usu\u00e1rio de Signiflow e para come\u00e7ar a usar a ferramenta de fluxo ... Read More","og_url":"https:\/\/www.signiflow.com\/academy\/pt-br\/pagina-principal\/","og_site_name":"SigniFlow \u00ae - Academy","article_modified_time":"2025-11-11T09:30:52+00:00","og_image":[{"url":"https:\/\/www.signiflow.com\/academy\/wp-content\/uploads\/sites\/3\/2021\/12\/GRADUATE-NINJA-2-300x300-1-300x300.png","type":"","width":"","height":""}],"twitter_card":"summary_large_image","twitter_image":"https:\/\/www.signiflow.com\/academy\/wp-content\/uploads\/sites\/3\/2021\/12\/GRADUATE-NINJA-2-300x300-1.png","twitter_misc":{"Est. tempo de leitura":"1 minuto"},"schema":{"@context":"https:\/\/schema.org","@graph":[{"@type":"WebPage","@id":"https:\/\/www.signiflow.com\/academy\/pt-br\/pagina-principal\/","url":"https:\/\/www.signiflow.com\/academy\/pt-br\/pagina-principal\/","name":"Pagina Principal - SigniFlow \u00ae - Academy","isPartOf":{"@id":"https:\/\/www.signiflow.com\/academy\/#website"},"datePublished":"2022-03-09T12:34:59+00:00","dateModified":"2025-11-11T09:30:52+00:00","breadcrumb":{"@id":"https:\/\/www.signiflow.com\/academy\/pt-br\/pagina-principal\/#breadcrumb"},"inLanguage":"pt-BR","potentialAction":[{"@type":"ReadAction","target":["https:\/\/www.signiflow.com\/academy\/pt-br\/pagina-principal\/"]}]},{"@type":"BreadcrumbList","@id":"https:\/\/www.signiflow.com\/academy\/pt-br\/pagina-principal\/#breadcrumb","itemListElement":[{"@type":"ListItem","position":1,"name":"Home","item":"https:\/\/www.signiflow.com\/academy\/pt-br\/pagina-principal\/"},{"@type":"ListItem","position":2,"name":"Pagina Principal"}]},{"@type":"WebSite","@id":"https:\/\/www.signiflow.com\/academy\/#website","url":"https:\/\/www.signiflow.com\/academy\/","name":"SigniFlow \u00ae - Academy","description":"Digital and Electronic Signature Workflow","potentialAction":[{"@type":"SearchAction","target":{"@type":"EntryPoint","urlTemplate":"https:\/\/www.signiflow.com\/academy\/?s={search_term_string}"},"query-input":{"@type":"PropertyValueSpecification","valueRequired":true,"valueName":"search_term_string"}}],"inLanguage":"pt-BR"}]}},"_links":{"self":[{"href":"https:\/\/www.signiflow.com\/academy\/pt-br\/wp-json\/wp\/v2\/pages\/6101","targetHints":{"allow":["GET"]}}],"collection":[{"href":"https:\/\/www.signiflow.com\/academy\/pt-br\/wp-json\/wp\/v2\/pages"}],"about":[{"href":"https:\/\/www.signiflow.com\/academy\/pt-br\/wp-json\/wp\/v2\/types\/page"}],"author":[{"embeddable":true,"href":"https:\/\/www.signiflow.com\/academy\/pt-br\/wp-json\/wp\/v2\/users\/29"}],"replies":[{"embeddable":true,"href":"https:\/\/www.signiflow.com\/academy\/pt-br\/wp-json\/wp\/v2\/comments?post=6101"}],"version-history":[{"count":0,"href":"https:\/\/www.signiflow.com\/academy\/pt-br\/wp-json\/wp\/v2\/pages\/6101\/revisions"}],"wp:attachment":[{"href":"https:\/\/www.signiflow.com\/academy\/pt-br\/wp-json\/wp\/v2\/media?parent=6101"}],"curies":[{"name":"wp","href":"https:\/\/api.w.org\/{rel}","templated":true}]}}