{"id":6112,"date":"2022-03-10T09:08:54","date_gmt":"2022-03-10T09:08:54","guid":{"rendered":"https:\/\/signiflowdev.wpengine.com\/academy\/o-painel-de-contole\/"},"modified":"2023-09-28T09:52:59","modified_gmt":"2023-09-28T09:52:59","slug":"o-painel-de-contole","status":"publish","type":"page","link":"https:\/\/www.signiflow.com\/academy\/pt-br\/treinamento-basico-do-usuario\/o-painel-de-contole\/","title":{"rendered":"O painel de contole"},"content":{"rendered":"<div id=\"cs-content\" class=\"cs-content\"><\/div>\n","protected":false},"excerpt":{"rendered":"<p>HomeO painel de controle Seu painel \u00e9 a primeira coisa com a qual voc\u00ea ser\u00e1 saudado ao fazer login na sua conta Signiflow. Esta paleta de bot\u00f5es interativos \u00e9 basicamente uma interface de usu\u00e1rio personalizada, que organiza e apresenta tudo o que voc\u00ea gostaria de fazer no Signiflow.M\u00f3dulos do curso &#8230; <a href=\"https:\/\/www.signiflow.com\/academy\/pt-br\/treinamento-basico-do-usuario\/o-painel-de-contole\/\" class=\"more-link\">Read More<\/a><\/p>\n","protected":false},"author":29,"featured_media":5438,"parent":6105,"menu_order":2,"comment_status":"closed","ping_status":"closed","template":"template-blank-4.php","meta":{"footnotes":""},"class_list":["post-6112","page","type-page","status-publish","has-post-thumbnail","hentry"],"yoast_head":"<!-- This site is optimized with the Yoast SEO Premium plugin v25.3 (Yoast SEO v27.2) - https:\/\/yoast.com\/product\/yoast-seo-premium-wordpress\/ -->\n<title>Dashboard - SigniFlow \u00ae - Academy<\/title>\n<meta name=\"description\" content=\"Seu painel \u00e9 a primeira coisa com a qual voc\u00ea ser\u00e1 saudado ao fazer login na sua conta Signiflow. Esta paleta de bot\u00f5es interativos \u00e9 basicamente uma interface de usu\u00e1rio personalizada, que organiza e apresenta tudo o que voc\u00ea gostaria de fazer no Signiflow.\" \/>\n<meta name=\"robots\" content=\"index, follow, max-snippet:-1, max-image-preview:large, max-video-preview:-1\" \/>\n<link rel=\"canonical\" href=\"https:\/\/www.signiflow.com\/academy\/pt-br\/treinamento-basico-do-usuario\/o-painel-de-contole\/\" \/>\n<meta property=\"og:locale\" content=\"pt_BR\" \/>\n<meta property=\"og:type\" content=\"article\" \/>\n<meta property=\"og:title\" content=\"Dashboard - SigniFlow \u00ae - Academy\" \/>\n<meta property=\"og:description\" content=\"Seu painel \u00e9 a primeira coisa com a qual voc\u00ea ser\u00e1 saudado ao fazer login na sua conta Signiflow. Esta paleta de bot\u00f5es interativos \u00e9 basicamente uma interface de usu\u00e1rio personalizada, que organiza e apresenta tudo o que voc\u00ea gostaria de fazer no Signiflow.\" \/>\n<meta property=\"og:url\" content=\"https:\/\/www.signiflow.com\/academy\/pt-br\/treinamento-basico-do-usuario\/o-painel-de-contole\/\" \/>\n<meta property=\"og:site_name\" content=\"SigniFlow \u00ae - Academy\" \/>\n<meta property=\"article:modified_time\" content=\"2023-09-28T09:52:59+00:00\" \/>\n<meta property=\"og:image\" content=\"https:\/\/www.signiflow.com\/academy\/wp-content\/uploads\/sites\/3\/2022\/01\/basic_user_training_300x240-1.png\" \/>\n<meta name=\"twitter:card\" content=\"summary_large_image\" \/>\n<meta name=\"twitter:title\" content=\"Dashboard - SigniFlow \u00ae - Academy\" \/>\n<meta name=\"twitter:description\" content=\"Seu painel \u00e9 a primeira coisa com a qual voc\u00ea ser\u00e1 saudado ao fazer login na sua conta Signiflow. Esta paleta de bot\u00f5es interativos \u00e9 basicamente uma interface de usu\u00e1rio personalizada, que organiza e apresenta tudo o que voc\u00ea gostaria de fazer no Signiflow.\" \/>\n<meta name=\"twitter:label1\" content=\"Est. tempo de leitura\" \/>\n\t<meta name=\"twitter:data1\" content=\"11 minutos\" \/>\n<script type=\"application\/ld+json\" class=\"yoast-schema-graph\">{\"@context\":\"https:\/\/schema.org\",\"@graph\":[{\"@type\":\"WebPage\",\"@id\":\"https:\/\/www.signiflow.com\/academy\/pt-br\/treinamento-basico-do-usuario\/o-painel-de-contole\/\",\"url\":\"https:\/\/www.signiflow.com\/academy\/pt-br\/treinamento-basico-do-usuario\/o-painel-de-contole\/\",\"name\":\"Dashboard - SigniFlow \u00ae - Academy\",\"isPartOf\":{\"@id\":\"https:\/\/www.signiflow.com\/academy\/#website\"},\"primaryImageOfPage\":{\"@id\":\"https:\/\/www.signiflow.com\/academy\/pt-br\/treinamento-basico-do-usuario\/o-painel-de-contole\/#primaryimage\"},\"image\":{\"@id\":\"https:\/\/www.signiflow.com\/academy\/pt-br\/treinamento-basico-do-usuario\/o-painel-de-contole\/#primaryimage\"},\"thumbnailUrl\":\"https:\/\/www.signiflow.com\/academy\/wp-content\/uploads\/sites\/3\/2022\/01\/login_250x300.png\",\"datePublished\":\"2022-03-10T09:08:54+00:00\",\"dateModified\":\"2023-09-28T09:52:59+00:00\",\"description\":\"Seu painel \u00e9 a primeira coisa com a qual voc\u00ea ser\u00e1 saudado ao fazer login na sua conta Signiflow. Esta paleta de bot\u00f5es interativos \u00e9 basicamente uma interface de usu\u00e1rio personalizada, que organiza e apresenta tudo o que voc\u00ea gostaria de fazer no Signiflow.\",\"breadcrumb\":{\"@id\":\"https:\/\/www.signiflow.com\/academy\/pt-br\/treinamento-basico-do-usuario\/o-painel-de-contole\/#breadcrumb\"},\"inLanguage\":\"pt-BR\",\"potentialAction\":[{\"@type\":\"ReadAction\",\"target\":[\"https:\/\/www.signiflow.com\/academy\/pt-br\/treinamento-basico-do-usuario\/o-painel-de-contole\/\"]}]},{\"@type\":\"ImageObject\",\"inLanguage\":\"pt-BR\",\"@id\":\"https:\/\/www.signiflow.com\/academy\/pt-br\/treinamento-basico-do-usuario\/o-painel-de-contole\/#primaryimage\",\"url\":\"https:\/\/www.signiflow.com\/academy\/wp-content\/uploads\/sites\/3\/2022\/01\/login_250x300.png\",\"contentUrl\":\"https:\/\/www.signiflow.com\/academy\/wp-content\/uploads\/sites\/3\/2022\/01\/login_250x300.png\",\"width\":300,\"height\":250,\"caption\":\"Basic User Training - The Login Screen\"},{\"@type\":\"BreadcrumbList\",\"@id\":\"https:\/\/www.signiflow.com\/academy\/pt-br\/treinamento-basico-do-usuario\/o-painel-de-contole\/#breadcrumb\",\"itemListElement\":[{\"@type\":\"ListItem\",\"position\":1,\"name\":\"Home\",\"item\":\"https:\/\/www.signiflow.com\/academy\/pt-br\/pagina-principal\/\"},{\"@type\":\"ListItem\",\"position\":2,\"name\":\"Treinamento b\u00e1sico do usu\u00e1rio\",\"item\":\"https:\/\/www.signiflow.com\/academy\/pt-br\/treinamento-basico-do-usuario\/\"},{\"@type\":\"ListItem\",\"position\":3,\"name\":\"O painel de contole\"}]},{\"@type\":\"WebSite\",\"@id\":\"https:\/\/www.signiflow.com\/academy\/#website\",\"url\":\"https:\/\/www.signiflow.com\/academy\/\",\"name\":\"SigniFlow \u00ae - Academy\",\"description\":\"Digital and Electronic Signature Workflow\",\"potentialAction\":[{\"@type\":\"SearchAction\",\"target\":{\"@type\":\"EntryPoint\",\"urlTemplate\":\"https:\/\/www.signiflow.com\/academy\/?s={search_term_string}\"},\"query-input\":{\"@type\":\"PropertyValueSpecification\",\"valueRequired\":true,\"valueName\":\"search_term_string\"}}],\"inLanguage\":\"pt-BR\"}]}<\/script>\n<!-- \/ Yoast SEO Premium plugin. -->","yoast_head_json":{"title":"Dashboard - SigniFlow \u00ae - Academy","description":"Seu painel \u00e9 a primeira coisa com a qual voc\u00ea ser\u00e1 saudado ao fazer login na sua conta Signiflow. Esta paleta de bot\u00f5es interativos \u00e9 basicamente uma interface de usu\u00e1rio personalizada, que organiza e apresenta tudo o que voc\u00ea gostaria de fazer no Signiflow.","robots":{"index":"index","follow":"follow","max-snippet":"max-snippet:-1","max-image-preview":"max-image-preview:large","max-video-preview":"max-video-preview:-1"},"canonical":"https:\/\/www.signiflow.com\/academy\/pt-br\/treinamento-basico-do-usuario\/o-painel-de-contole\/","og_locale":"pt_BR","og_type":"article","og_title":"Dashboard - SigniFlow \u00ae - Academy","og_description":"Seu painel \u00e9 a primeira coisa com a qual voc\u00ea ser\u00e1 saudado ao fazer login na sua conta Signiflow. Esta paleta de bot\u00f5es interativos \u00e9 basicamente uma interface de usu\u00e1rio personalizada, que organiza e apresenta tudo o que voc\u00ea gostaria de fazer no Signiflow.","og_url":"https:\/\/www.signiflow.com\/academy\/pt-br\/treinamento-basico-do-usuario\/o-painel-de-contole\/","og_site_name":"SigniFlow \u00ae - Academy","article_modified_time":"2023-09-28T09:52:59+00:00","og_image":[{"url":"https:\/\/www.signiflow.com\/academy\/wp-content\/uploads\/sites\/3\/2022\/01\/basic_user_training_300x240-1.png","type":"","width":"","height":""}],"twitter_card":"summary_large_image","twitter_title":"Dashboard - SigniFlow \u00ae - Academy","twitter_description":"Seu painel \u00e9 a primeira coisa com a qual voc\u00ea ser\u00e1 saudado ao fazer login na sua conta Signiflow. Esta paleta de bot\u00f5es interativos \u00e9 basicamente uma interface de usu\u00e1rio personalizada, que organiza e apresenta tudo o que voc\u00ea gostaria de fazer no Signiflow.","twitter_misc":{"Est. tempo de leitura":"11 minutos"},"schema":{"@context":"https:\/\/schema.org","@graph":[{"@type":"WebPage","@id":"https:\/\/www.signiflow.com\/academy\/pt-br\/treinamento-basico-do-usuario\/o-painel-de-contole\/","url":"https:\/\/www.signiflow.com\/academy\/pt-br\/treinamento-basico-do-usuario\/o-painel-de-contole\/","name":"Dashboard - SigniFlow \u00ae - Academy","isPartOf":{"@id":"https:\/\/www.signiflow.com\/academy\/#website"},"primaryImageOfPage":{"@id":"https:\/\/www.signiflow.com\/academy\/pt-br\/treinamento-basico-do-usuario\/o-painel-de-contole\/#primaryimage"},"image":{"@id":"https:\/\/www.signiflow.com\/academy\/pt-br\/treinamento-basico-do-usuario\/o-painel-de-contole\/#primaryimage"},"thumbnailUrl":"https:\/\/www.signiflow.com\/academy\/wp-content\/uploads\/sites\/3\/2022\/01\/login_250x300.png","datePublished":"2022-03-10T09:08:54+00:00","dateModified":"2023-09-28T09:52:59+00:00","description":"Seu painel \u00e9 a primeira coisa com a qual voc\u00ea ser\u00e1 saudado ao fazer login na sua conta Signiflow. Esta paleta de bot\u00f5es interativos \u00e9 basicamente uma interface de usu\u00e1rio personalizada, que organiza e apresenta tudo o que voc\u00ea gostaria de fazer no Signiflow.","breadcrumb":{"@id":"https:\/\/www.signiflow.com\/academy\/pt-br\/treinamento-basico-do-usuario\/o-painel-de-contole\/#breadcrumb"},"inLanguage":"pt-BR","potentialAction":[{"@type":"ReadAction","target":["https:\/\/www.signiflow.com\/academy\/pt-br\/treinamento-basico-do-usuario\/o-painel-de-contole\/"]}]},{"@type":"ImageObject","inLanguage":"pt-BR","@id":"https:\/\/www.signiflow.com\/academy\/pt-br\/treinamento-basico-do-usuario\/o-painel-de-contole\/#primaryimage","url":"https:\/\/www.signiflow.com\/academy\/wp-content\/uploads\/sites\/3\/2022\/01\/login_250x300.png","contentUrl":"https:\/\/www.signiflow.com\/academy\/wp-content\/uploads\/sites\/3\/2022\/01\/login_250x300.png","width":300,"height":250,"caption":"Basic User Training - The Login Screen"},{"@type":"BreadcrumbList","@id":"https:\/\/www.signiflow.com\/academy\/pt-br\/treinamento-basico-do-usuario\/o-painel-de-contole\/#breadcrumb","itemListElement":[{"@type":"ListItem","position":1,"name":"Home","item":"https:\/\/www.signiflow.com\/academy\/pt-br\/pagina-principal\/"},{"@type":"ListItem","position":2,"name":"Treinamento b\u00e1sico do usu\u00e1rio","item":"https:\/\/www.signiflow.com\/academy\/pt-br\/treinamento-basico-do-usuario\/"},{"@type":"ListItem","position":3,"name":"O painel de contole"}]},{"@type":"WebSite","@id":"https:\/\/www.signiflow.com\/academy\/#website","url":"https:\/\/www.signiflow.com\/academy\/","name":"SigniFlow \u00ae - Academy","description":"Digital and Electronic Signature Workflow","potentialAction":[{"@type":"SearchAction","target":{"@type":"EntryPoint","urlTemplate":"https:\/\/www.signiflow.com\/academy\/?s={search_term_string}"},"query-input":{"@type":"PropertyValueSpecification","valueRequired":true,"valueName":"search_term_string"}}],"inLanguage":"pt-BR"}]}},"_links":{"self":[{"href":"https:\/\/www.signiflow.com\/academy\/pt-br\/wp-json\/wp\/v2\/pages\/6112","targetHints":{"allow":["GET"]}}],"collection":[{"href":"https:\/\/www.signiflow.com\/academy\/pt-br\/wp-json\/wp\/v2\/pages"}],"about":[{"href":"https:\/\/www.signiflow.com\/academy\/pt-br\/wp-json\/wp\/v2\/types\/page"}],"author":[{"embeddable":true,"href":"https:\/\/www.signiflow.com\/academy\/pt-br\/wp-json\/wp\/v2\/users\/29"}],"replies":[{"embeddable":true,"href":"https:\/\/www.signiflow.com\/academy\/pt-br\/wp-json\/wp\/v2\/comments?post=6112"}],"version-history":[{"count":0,"href":"https:\/\/www.signiflow.com\/academy\/pt-br\/wp-json\/wp\/v2\/pages\/6112\/revisions"}],"up":[{"embeddable":true,"href":"https:\/\/www.signiflow.com\/academy\/pt-br\/wp-json\/wp\/v2\/pages\/6105"}],"wp:featuredmedia":[{"embeddable":true,"href":"https:\/\/www.signiflow.com\/academy\/pt-br\/wp-json\/wp\/v2\/media\/5438"}],"wp:attachment":[{"href":"https:\/\/www.signiflow.com\/academy\/pt-br\/wp-json\/wp\/v2\/media?parent=6112"}],"curies":[{"name":"wp","href":"https:\/\/api.w.org\/{rel}","templated":true}]}}