{"id":6117,"date":"2022-03-10T10:20:10","date_gmt":"2022-03-10T10:20:10","guid":{"rendered":"https:\/\/signiflowdev.wpengine.com\/academy\/docprepper\/"},"modified":"2023-10-10T14:35:33","modified_gmt":"2023-10-10T14:35:33","slug":"docprepper","status":"publish","type":"page","link":"https:\/\/www.signiflow.com\/academy\/pt-br\/treinamento-basico-do-usuario\/docprepper\/","title":{"rendered":"DocPrepper"},"content":{"rendered":"<div id=\"cs-content\" class=\"cs-content\"><\/div>\n","protected":false},"excerpt":{"rendered":"<p>HomePreparador de Documentos Criado para tornar seus documentos mais claros e r\u00e1pidos, para prepara o dcoumento de SigniFlow permite que voc\u00ea personalize os documentos que voc\u00ea envia com assinatura e outros campos de informa\u00e7\u00e3o. Voc\u00ea pode colocar os campos como desejar, redimensionar e tamb\u00e9m salvar seu layout de campo como &#8230; <a href=\"https:\/\/www.signiflow.com\/academy\/pt-br\/treinamento-basico-do-usuario\/docprepper\/\" class=\"more-link\">Read More<\/a><\/p>\n","protected":false},"author":29,"featured_media":5447,"parent":6105,"menu_order":4,"comment_status":"closed","ping_status":"closed","template":"template-blank-4.php","meta":{"footnotes":""},"class_list":["post-6117","page","type-page","status-publish","has-post-thumbnail","hentry"],"yoast_head":"<!-- This site is optimized with the Yoast SEO Premium plugin v25.3 (Yoast SEO v27.2) - https:\/\/yoast.com\/product\/yoast-seo-premium-wordpress\/ -->\n<title>DocPrepper - SigniFlow \u00ae - Academy<\/title>\n<meta name=\"description\" content=\"SigniFlow&#039;s document preparation tool allows you to indicate where each person in the workflow needs to sign\/initial.\" \/>\n<meta name=\"robots\" content=\"index, follow, max-snippet:-1, max-image-preview:large, max-video-preview:-1\" \/>\n<link rel=\"canonical\" href=\"https:\/\/www.signiflow.com\/academy\/pt-br\/treinamento-basico-do-usuario\/docprepper\/\" \/>\n<meta property=\"og:locale\" content=\"pt_BR\" \/>\n<meta property=\"og:type\" content=\"article\" \/>\n<meta property=\"og:title\" content=\"DocPrepper - SigniFlow \u00ae - Academy\" \/>\n<meta property=\"og:description\" content=\"SigniFlow&#039;s document preparation tool allows you to indicate where each person in the workflow needs to sign\/initial.\" \/>\n<meta property=\"og:url\" content=\"https:\/\/www.signiflow.com\/academy\/pt-br\/treinamento-basico-do-usuario\/docprepper\/\" \/>\n<meta property=\"og:site_name\" content=\"SigniFlow \u00ae - Academy\" \/>\n<meta property=\"article:modified_time\" content=\"2023-10-10T14:35:33+00:00\" \/>\n<meta property=\"og:image\" content=\"https:\/\/www.signiflow.com\/academy\/wp-content\/uploads\/sites\/3\/2022\/01\/docprepper_250x300.png\" \/>\n\t<meta property=\"og:image:width\" content=\"300\" \/>\n\t<meta property=\"og:image:height\" content=\"250\" \/>\n\t<meta property=\"og:image:type\" content=\"image\/png\" \/>\n<meta name=\"twitter:card\" content=\"summary_large_image\" \/>\n<meta name=\"twitter:title\" content=\"DocPrepper - SigniFlow \u00ae - Academy\" \/>\n<meta name=\"twitter:description\" content=\"SigniFlow&#039;s document preparation tool allows you to indicate where each person in the workflow needs to sign\/initial.\" \/>\n<meta name=\"twitter:label1\" content=\"Est. tempo de leitura\" \/>\n\t<meta name=\"twitter:data1\" content=\"4 minutos\" \/>\n<script type=\"application\/ld+json\" class=\"yoast-schema-graph\">{\"@context\":\"https:\/\/schema.org\",\"@graph\":[{\"@type\":\"WebPage\",\"@id\":\"https:\/\/www.signiflow.com\/academy\/pt-br\/treinamento-basico-do-usuario\/docprepper\/\",\"url\":\"https:\/\/www.signiflow.com\/academy\/pt-br\/treinamento-basico-do-usuario\/docprepper\/\",\"name\":\"DocPrepper - SigniFlow \u00ae - Academy\",\"isPartOf\":{\"@id\":\"https:\/\/www.signiflow.com\/academy\/#website\"},\"primaryImageOfPage\":{\"@id\":\"https:\/\/www.signiflow.com\/academy\/pt-br\/treinamento-basico-do-usuario\/docprepper\/#primaryimage\"},\"image\":{\"@id\":\"https:\/\/www.signiflow.com\/academy\/pt-br\/treinamento-basico-do-usuario\/docprepper\/#primaryimage\"},\"thumbnailUrl\":\"https:\/\/www.signiflow.com\/academy\/wp-content\/uploads\/sites\/3\/2022\/01\/docprepper_250x300.png\",\"datePublished\":\"2022-03-10T10:20:10+00:00\",\"dateModified\":\"2023-10-10T14:35:33+00:00\",\"description\":\"SigniFlow's document preparation tool allows you to indicate where each person in the workflow needs to sign\/initial.\",\"breadcrumb\":{\"@id\":\"https:\/\/www.signiflow.com\/academy\/pt-br\/treinamento-basico-do-usuario\/docprepper\/#breadcrumb\"},\"inLanguage\":\"pt-BR\",\"potentialAction\":[{\"@type\":\"ReadAction\",\"target\":[\"https:\/\/www.signiflow.com\/academy\/pt-br\/treinamento-basico-do-usuario\/docprepper\/\"]}]},{\"@type\":\"ImageObject\",\"inLanguage\":\"pt-BR\",\"@id\":\"https:\/\/www.signiflow.com\/academy\/pt-br\/treinamento-basico-do-usuario\/docprepper\/#primaryimage\",\"url\":\"https:\/\/www.signiflow.com\/academy\/wp-content\/uploads\/sites\/3\/2022\/01\/docprepper_250x300.png\",\"contentUrl\":\"https:\/\/www.signiflow.com\/academy\/wp-content\/uploads\/sites\/3\/2022\/01\/docprepper_250x300.png\",\"width\":300,\"height\":250,\"caption\":\"Basic User Training - Docprepper\"},{\"@type\":\"BreadcrumbList\",\"@id\":\"https:\/\/www.signiflow.com\/academy\/pt-br\/treinamento-basico-do-usuario\/docprepper\/#breadcrumb\",\"itemListElement\":[{\"@type\":\"ListItem\",\"position\":1,\"name\":\"Home\",\"item\":\"https:\/\/www.signiflow.com\/academy\/pt-br\/pagina-principal\/\"},{\"@type\":\"ListItem\",\"position\":2,\"name\":\"Treinamento b\u00e1sico do usu\u00e1rio\",\"item\":\"https:\/\/www.signiflow.com\/academy\/pt-br\/treinamento-basico-do-usuario\/\"},{\"@type\":\"ListItem\",\"position\":3,\"name\":\"DocPrepper\"}]},{\"@type\":\"WebSite\",\"@id\":\"https:\/\/www.signiflow.com\/academy\/#website\",\"url\":\"https:\/\/www.signiflow.com\/academy\/\",\"name\":\"SigniFlow \u00ae - Academy\",\"description\":\"Digital and Electronic Signature Workflow\",\"potentialAction\":[{\"@type\":\"SearchAction\",\"target\":{\"@type\":\"EntryPoint\",\"urlTemplate\":\"https:\/\/www.signiflow.com\/academy\/?s={search_term_string}\"},\"query-input\":{\"@type\":\"PropertyValueSpecification\",\"valueRequired\":true,\"valueName\":\"search_term_string\"}}],\"inLanguage\":\"pt-BR\"}]}<\/script>\n<!-- \/ Yoast SEO Premium plugin. -->","yoast_head_json":{"title":"DocPrepper - SigniFlow \u00ae - Academy","description":"SigniFlow's document preparation tool allows you to indicate where each person in the workflow needs to sign\/initial.","robots":{"index":"index","follow":"follow","max-snippet":"max-snippet:-1","max-image-preview":"max-image-preview:large","max-video-preview":"max-video-preview:-1"},"canonical":"https:\/\/www.signiflow.com\/academy\/pt-br\/treinamento-basico-do-usuario\/docprepper\/","og_locale":"pt_BR","og_type":"article","og_title":"DocPrepper - SigniFlow \u00ae - Academy","og_description":"SigniFlow's document preparation tool allows you to indicate where each person in the workflow needs to sign\/initial.","og_url":"https:\/\/www.signiflow.com\/academy\/pt-br\/treinamento-basico-do-usuario\/docprepper\/","og_site_name":"SigniFlow \u00ae - Academy","article_modified_time":"2023-10-10T14:35:33+00:00","og_image":[{"width":300,"height":250,"url":"https:\/\/www.signiflow.com\/academy\/wp-content\/uploads\/sites\/3\/2022\/01\/docprepper_250x300.png","type":"image\/png"}],"twitter_card":"summary_large_image","twitter_title":"DocPrepper - SigniFlow \u00ae - Academy","twitter_description":"SigniFlow's document preparation tool allows you to indicate where each person in the workflow needs to sign\/initial.","twitter_misc":{"Est. tempo de leitura":"4 minutos"},"schema":{"@context":"https:\/\/schema.org","@graph":[{"@type":"WebPage","@id":"https:\/\/www.signiflow.com\/academy\/pt-br\/treinamento-basico-do-usuario\/docprepper\/","url":"https:\/\/www.signiflow.com\/academy\/pt-br\/treinamento-basico-do-usuario\/docprepper\/","name":"DocPrepper - SigniFlow \u00ae - Academy","isPartOf":{"@id":"https:\/\/www.signiflow.com\/academy\/#website"},"primaryImageOfPage":{"@id":"https:\/\/www.signiflow.com\/academy\/pt-br\/treinamento-basico-do-usuario\/docprepper\/#primaryimage"},"image":{"@id":"https:\/\/www.signiflow.com\/academy\/pt-br\/treinamento-basico-do-usuario\/docprepper\/#primaryimage"},"thumbnailUrl":"https:\/\/www.signiflow.com\/academy\/wp-content\/uploads\/sites\/3\/2022\/01\/docprepper_250x300.png","datePublished":"2022-03-10T10:20:10+00:00","dateModified":"2023-10-10T14:35:33+00:00","description":"SigniFlow's document preparation tool allows you to indicate where each person in the workflow needs to sign\/initial.","breadcrumb":{"@id":"https:\/\/www.signiflow.com\/academy\/pt-br\/treinamento-basico-do-usuario\/docprepper\/#breadcrumb"},"inLanguage":"pt-BR","potentialAction":[{"@type":"ReadAction","target":["https:\/\/www.signiflow.com\/academy\/pt-br\/treinamento-basico-do-usuario\/docprepper\/"]}]},{"@type":"ImageObject","inLanguage":"pt-BR","@id":"https:\/\/www.signiflow.com\/academy\/pt-br\/treinamento-basico-do-usuario\/docprepper\/#primaryimage","url":"https:\/\/www.signiflow.com\/academy\/wp-content\/uploads\/sites\/3\/2022\/01\/docprepper_250x300.png","contentUrl":"https:\/\/www.signiflow.com\/academy\/wp-content\/uploads\/sites\/3\/2022\/01\/docprepper_250x300.png","width":300,"height":250,"caption":"Basic User Training - Docprepper"},{"@type":"BreadcrumbList","@id":"https:\/\/www.signiflow.com\/academy\/pt-br\/treinamento-basico-do-usuario\/docprepper\/#breadcrumb","itemListElement":[{"@type":"ListItem","position":1,"name":"Home","item":"https:\/\/www.signiflow.com\/academy\/pt-br\/pagina-principal\/"},{"@type":"ListItem","position":2,"name":"Treinamento b\u00e1sico do usu\u00e1rio","item":"https:\/\/www.signiflow.com\/academy\/pt-br\/treinamento-basico-do-usuario\/"},{"@type":"ListItem","position":3,"name":"DocPrepper"}]},{"@type":"WebSite","@id":"https:\/\/www.signiflow.com\/academy\/#website","url":"https:\/\/www.signiflow.com\/academy\/","name":"SigniFlow \u00ae - Academy","description":"Digital and Electronic Signature Workflow","potentialAction":[{"@type":"SearchAction","target":{"@type":"EntryPoint","urlTemplate":"https:\/\/www.signiflow.com\/academy\/?s={search_term_string}"},"query-input":{"@type":"PropertyValueSpecification","valueRequired":true,"valueName":"search_term_string"}}],"inLanguage":"pt-BR"}]}},"_links":{"self":[{"href":"https:\/\/www.signiflow.com\/academy\/pt-br\/wp-json\/wp\/v2\/pages\/6117","targetHints":{"allow":["GET"]}}],"collection":[{"href":"https:\/\/www.signiflow.com\/academy\/pt-br\/wp-json\/wp\/v2\/pages"}],"about":[{"href":"https:\/\/www.signiflow.com\/academy\/pt-br\/wp-json\/wp\/v2\/types\/page"}],"author":[{"embeddable":true,"href":"https:\/\/www.signiflow.com\/academy\/pt-br\/wp-json\/wp\/v2\/users\/29"}],"replies":[{"embeddable":true,"href":"https:\/\/www.signiflow.com\/academy\/pt-br\/wp-json\/wp\/v2\/comments?post=6117"}],"version-history":[{"count":0,"href":"https:\/\/www.signiflow.com\/academy\/pt-br\/wp-json\/wp\/v2\/pages\/6117\/revisions"}],"up":[{"embeddable":true,"href":"https:\/\/www.signiflow.com\/academy\/pt-br\/wp-json\/wp\/v2\/pages\/6105"}],"wp:featuredmedia":[{"embeddable":true,"href":"https:\/\/www.signiflow.com\/academy\/pt-br\/wp-json\/wp\/v2\/media\/5447"}],"wp:attachment":[{"href":"https:\/\/www.signiflow.com\/academy\/pt-br\/wp-json\/wp\/v2\/media?parent=6117"}],"curies":[{"name":"wp","href":"https:\/\/api.w.org\/{rel}","templated":true}]}}