{"id":6150,"date":"2022-03-10T14:27:52","date_gmt":"2022-03-10T14:27:52","guid":{"rendered":"https:\/\/signiflowdev.wpengine.com\/academy\/tag-de-documento\/"},"modified":"2022-03-24T14:13:46","modified_gmt":"2022-03-24T14:13:46","slug":"tag-de-documento","status":"publish","type":"page","link":"https:\/\/www.signiflow.com\/academy\/pt-br\/treinamento-de-usuario-administrador\/tag-de-documento\/","title":{"rendered":"Tag de Documento"},"content":{"rendered":"<div id=\"cs-content\" class=\"cs-content\"><\/div>\n","protected":false},"excerpt":{"rendered":"<p>Treinamento de usu\u00e1rio administrador Tag de Documento Tag de Documento No Perfil de Neg\u00f3cios, voc\u00ea tem a op\u00e7\u00e3o de adicionar tags aos seus documentos para permitir que os usu\u00e1rios escaneiem um c\u00f3digo QR, por exemplo, para acessar o documento digitalmente. Estes s\u00e3o usados como identificadores de documentos \u00fanicos. M\u00f3dulos do &#8230; <a href=\"https:\/\/www.signiflow.com\/academy\/pt-br\/treinamento-de-usuario-administrador\/tag-de-documento\/\" class=\"more-link\">Read More<\/a><\/p>\n","protected":false},"author":29,"featured_media":5578,"parent":6151,"menu_order":7,"comment_status":"closed","ping_status":"closed","template":"template-blank-4.php","meta":{"footnotes":""},"class_list":["post-6150","page","type-page","status-publish","has-post-thumbnail","hentry"],"yoast_head":"<!-- This site is optimized with the Yoast SEO Premium plugin v25.3 (Yoast SEO v27.2) - https:\/\/yoast.com\/product\/yoast-seo-premium-wordpress\/ -->\n<title>Tag de Documento - SigniFlow \u00ae - Academy<\/title>\n<meta name=\"robots\" content=\"index, follow, max-snippet:-1, max-image-preview:large, max-video-preview:-1\" \/>\n<link rel=\"canonical\" href=\"https:\/\/www.signiflow.com\/academy\/pt-br\/treinamento-de-usuario-administrador\/tag-de-documento\/\" \/>\n<meta property=\"og:locale\" content=\"pt_BR\" \/>\n<meta property=\"og:type\" content=\"article\" \/>\n<meta property=\"og:title\" content=\"Tag de Documento - SigniFlow \u00ae - Academy\" \/>\n<meta property=\"og:description\" content=\"Treinamento de usu\u00e1rio administrador Tag de Documento Tag de Documento No Perfil de Neg\u00f3cios, voc\u00ea tem a op\u00e7\u00e3o de adicionar tags aos seus documentos para permitir que os usu\u00e1rios escaneiem um c\u00f3digo QR, por exemplo, para acessar o documento digitalmente. Estes s\u00e3o usados como identificadores de documentos \u00fanicos. M\u00f3dulos do ... Read More\" \/>\n<meta property=\"og:url\" content=\"https:\/\/www.signiflow.com\/academy\/pt-br\/treinamento-de-usuario-administrador\/tag-de-documento\/\" \/>\n<meta property=\"og:site_name\" content=\"SigniFlow \u00ae - Academy\" \/>\n<meta property=\"article:modified_time\" content=\"2022-03-24T14:13:46+00:00\" \/>\n<meta property=\"og:image\" content=\"https:\/\/www.signiflow.com\/academy\/wp-content\/uploads\/sites\/3\/2022\/01\/doc_tag_250x300.png\" \/>\n\t<meta property=\"og:image:width\" content=\"300\" \/>\n\t<meta property=\"og:image:height\" content=\"250\" \/>\n\t<meta property=\"og:image:type\" content=\"image\/png\" \/>\n<meta name=\"twitter:card\" content=\"summary_large_image\" \/>\n<meta name=\"twitter:title\" content=\"Tag de Documento - SigniFlow \u00ae - Academy\" \/>\n<meta name=\"twitter:label1\" content=\"Est. tempo de leitura\" \/>\n\t<meta name=\"twitter:data1\" content=\"3 minutos\" \/>\n<script type=\"application\/ld+json\" class=\"yoast-schema-graph\">{\"@context\":\"https:\/\/schema.org\",\"@graph\":[{\"@type\":\"WebPage\",\"@id\":\"https:\/\/www.signiflow.com\/academy\/pt-br\/treinamento-de-usuario-administrador\/tag-de-documento\/\",\"url\":\"https:\/\/www.signiflow.com\/academy\/pt-br\/treinamento-de-usuario-administrador\/tag-de-documento\/\",\"name\":\"Tag de Documento - SigniFlow \u00ae - Academy\",\"isPartOf\":{\"@id\":\"https:\/\/www.signiflow.com\/academy\/#website\"},\"primaryImageOfPage\":{\"@id\":\"https:\/\/www.signiflow.com\/academy\/pt-br\/treinamento-de-usuario-administrador\/tag-de-documento\/#primaryimage\"},\"image\":{\"@id\":\"https:\/\/www.signiflow.com\/academy\/pt-br\/treinamento-de-usuario-administrador\/tag-de-documento\/#primaryimage\"},\"thumbnailUrl\":\"https:\/\/www.signiflow.com\/academy\/wp-content\/uploads\/sites\/3\/2022\/01\/doc_tag_250x300.png\",\"datePublished\":\"2022-03-10T14:27:52+00:00\",\"dateModified\":\"2022-03-24T14:13:46+00:00\",\"breadcrumb\":{\"@id\":\"https:\/\/www.signiflow.com\/academy\/pt-br\/treinamento-de-usuario-administrador\/tag-de-documento\/#breadcrumb\"},\"inLanguage\":\"pt-BR\",\"potentialAction\":[{\"@type\":\"ReadAction\",\"target\":[\"https:\/\/www.signiflow.com\/academy\/pt-br\/treinamento-de-usuario-administrador\/tag-de-documento\/\"]}]},{\"@type\":\"ImageObject\",\"inLanguage\":\"pt-BR\",\"@id\":\"https:\/\/www.signiflow.com\/academy\/pt-br\/treinamento-de-usuario-administrador\/tag-de-documento\/#primaryimage\",\"url\":\"https:\/\/www.signiflow.com\/academy\/wp-content\/uploads\/sites\/3\/2022\/01\/doc_tag_250x300.png\",\"contentUrl\":\"https:\/\/www.signiflow.com\/academy\/wp-content\/uploads\/sites\/3\/2022\/01\/doc_tag_250x300.png\",\"width\":300,\"height\":250,\"caption\":\"Admin User Training - Document Tag\"},{\"@type\":\"BreadcrumbList\",\"@id\":\"https:\/\/www.signiflow.com\/academy\/pt-br\/treinamento-de-usuario-administrador\/tag-de-documento\/#breadcrumb\",\"itemListElement\":[{\"@type\":\"ListItem\",\"position\":1,\"name\":\"Home\",\"item\":\"https:\/\/www.signiflow.com\/academy\/pt-br\/pagina-principal\/\"},{\"@type\":\"ListItem\",\"position\":2,\"name\":\"Treinamento de usu\u00e1rio administrador\",\"item\":\"https:\/\/www.signiflow.com\/academy\/pt-br\/treinamento-de-usuario-administrador\/\"},{\"@type\":\"ListItem\",\"position\":3,\"name\":\"Tag de Documento\"}]},{\"@type\":\"WebSite\",\"@id\":\"https:\/\/www.signiflow.com\/academy\/#website\",\"url\":\"https:\/\/www.signiflow.com\/academy\/\",\"name\":\"SigniFlow \u00ae - Academy\",\"description\":\"Digital and Electronic Signature Workflow\",\"potentialAction\":[{\"@type\":\"SearchAction\",\"target\":{\"@type\":\"EntryPoint\",\"urlTemplate\":\"https:\/\/www.signiflow.com\/academy\/?s={search_term_string}\"},\"query-input\":{\"@type\":\"PropertyValueSpecification\",\"valueRequired\":true,\"valueName\":\"search_term_string\"}}],\"inLanguage\":\"pt-BR\"}]}<\/script>\n<!-- \/ Yoast SEO Premium plugin. -->","yoast_head_json":{"title":"Tag de Documento - SigniFlow \u00ae - Academy","robots":{"index":"index","follow":"follow","max-snippet":"max-snippet:-1","max-image-preview":"max-image-preview:large","max-video-preview":"max-video-preview:-1"},"canonical":"https:\/\/www.signiflow.com\/academy\/pt-br\/treinamento-de-usuario-administrador\/tag-de-documento\/","og_locale":"pt_BR","og_type":"article","og_title":"Tag de Documento - SigniFlow \u00ae - Academy","og_description":"Treinamento de usu\u00e1rio administrador Tag de Documento Tag de Documento No Perfil de Neg\u00f3cios, voc\u00ea tem a op\u00e7\u00e3o de adicionar tags aos seus documentos para permitir que os usu\u00e1rios escaneiem um c\u00f3digo QR, por exemplo, para acessar o documento digitalmente. Estes s\u00e3o usados como identificadores de documentos \u00fanicos. M\u00f3dulos do ... Read More","og_url":"https:\/\/www.signiflow.com\/academy\/pt-br\/treinamento-de-usuario-administrador\/tag-de-documento\/","og_site_name":"SigniFlow \u00ae - Academy","article_modified_time":"2022-03-24T14:13:46+00:00","og_image":[{"width":300,"height":250,"url":"https:\/\/www.signiflow.com\/academy\/wp-content\/uploads\/sites\/3\/2022\/01\/doc_tag_250x300.png","type":"image\/png"}],"twitter_card":"summary_large_image","twitter_title":"Tag de Documento - SigniFlow \u00ae - Academy","twitter_misc":{"Est. tempo de leitura":"3 minutos"},"schema":{"@context":"https:\/\/schema.org","@graph":[{"@type":"WebPage","@id":"https:\/\/www.signiflow.com\/academy\/pt-br\/treinamento-de-usuario-administrador\/tag-de-documento\/","url":"https:\/\/www.signiflow.com\/academy\/pt-br\/treinamento-de-usuario-administrador\/tag-de-documento\/","name":"Tag de Documento - SigniFlow \u00ae - Academy","isPartOf":{"@id":"https:\/\/www.signiflow.com\/academy\/#website"},"primaryImageOfPage":{"@id":"https:\/\/www.signiflow.com\/academy\/pt-br\/treinamento-de-usuario-administrador\/tag-de-documento\/#primaryimage"},"image":{"@id":"https:\/\/www.signiflow.com\/academy\/pt-br\/treinamento-de-usuario-administrador\/tag-de-documento\/#primaryimage"},"thumbnailUrl":"https:\/\/www.signiflow.com\/academy\/wp-content\/uploads\/sites\/3\/2022\/01\/doc_tag_250x300.png","datePublished":"2022-03-10T14:27:52+00:00","dateModified":"2022-03-24T14:13:46+00:00","breadcrumb":{"@id":"https:\/\/www.signiflow.com\/academy\/pt-br\/treinamento-de-usuario-administrador\/tag-de-documento\/#breadcrumb"},"inLanguage":"pt-BR","potentialAction":[{"@type":"ReadAction","target":["https:\/\/www.signiflow.com\/academy\/pt-br\/treinamento-de-usuario-administrador\/tag-de-documento\/"]}]},{"@type":"ImageObject","inLanguage":"pt-BR","@id":"https:\/\/www.signiflow.com\/academy\/pt-br\/treinamento-de-usuario-administrador\/tag-de-documento\/#primaryimage","url":"https:\/\/www.signiflow.com\/academy\/wp-content\/uploads\/sites\/3\/2022\/01\/doc_tag_250x300.png","contentUrl":"https:\/\/www.signiflow.com\/academy\/wp-content\/uploads\/sites\/3\/2022\/01\/doc_tag_250x300.png","width":300,"height":250,"caption":"Admin User Training - Document Tag"},{"@type":"BreadcrumbList","@id":"https:\/\/www.signiflow.com\/academy\/pt-br\/treinamento-de-usuario-administrador\/tag-de-documento\/#breadcrumb","itemListElement":[{"@type":"ListItem","position":1,"name":"Home","item":"https:\/\/www.signiflow.com\/academy\/pt-br\/pagina-principal\/"},{"@type":"ListItem","position":2,"name":"Treinamento de usu\u00e1rio administrador","item":"https:\/\/www.signiflow.com\/academy\/pt-br\/treinamento-de-usuario-administrador\/"},{"@type":"ListItem","position":3,"name":"Tag de Documento"}]},{"@type":"WebSite","@id":"https:\/\/www.signiflow.com\/academy\/#website","url":"https:\/\/www.signiflow.com\/academy\/","name":"SigniFlow \u00ae - Academy","description":"Digital and Electronic Signature Workflow","potentialAction":[{"@type":"SearchAction","target":{"@type":"EntryPoint","urlTemplate":"https:\/\/www.signiflow.com\/academy\/?s={search_term_string}"},"query-input":{"@type":"PropertyValueSpecification","valueRequired":true,"valueName":"search_term_string"}}],"inLanguage":"pt-BR"}]}},"_links":{"self":[{"href":"https:\/\/www.signiflow.com\/academy\/pt-br\/wp-json\/wp\/v2\/pages\/6150","targetHints":{"allow":["GET"]}}],"collection":[{"href":"https:\/\/www.signiflow.com\/academy\/pt-br\/wp-json\/wp\/v2\/pages"}],"about":[{"href":"https:\/\/www.signiflow.com\/academy\/pt-br\/wp-json\/wp\/v2\/types\/page"}],"author":[{"embeddable":true,"href":"https:\/\/www.signiflow.com\/academy\/pt-br\/wp-json\/wp\/v2\/users\/29"}],"replies":[{"embeddable":true,"href":"https:\/\/www.signiflow.com\/academy\/pt-br\/wp-json\/wp\/v2\/comments?post=6150"}],"version-history":[{"count":0,"href":"https:\/\/www.signiflow.com\/academy\/pt-br\/wp-json\/wp\/v2\/pages\/6150\/revisions"}],"up":[{"embeddable":true,"href":"https:\/\/www.signiflow.com\/academy\/pt-br\/wp-json\/wp\/v2\/pages\/6151"}],"wp:featuredmedia":[{"embeddable":true,"href":"https:\/\/www.signiflow.com\/academy\/pt-br\/wp-json\/wp\/v2\/media\/5578"}],"wp:attachment":[{"href":"https:\/\/www.signiflow.com\/academy\/pt-br\/wp-json\/wp\/v2\/media?parent=6150"}],"curies":[{"name":"wp","href":"https:\/\/api.w.org\/{rel}","templated":true}]}}