{"id":7025,"date":"2024-11-21T09:38:34","date_gmt":"2024-11-21T09:38:34","guid":{"rendered":"https:\/\/signiflowdev.wpengine.com\/academy\/basic-user-training-v-2025-portuguese-brazil\/"},"modified":"2026-03-09T20:40:33","modified_gmt":"2026-03-09T20:40:33","slug":"treinamento-basico-do-usuario-v-2025","status":"publish","type":"page","link":"https:\/\/www.signiflow.com\/academy\/pt-br\/treinamento-basico-do-usuario-v-2025\/","title":{"rendered":"Treinamento b\u00e1sico do usu\u00e1rio"},"content":{"rendered":"<div id=\"cs-content\" class=\"cs-content\"><\/div>\n","protected":false},"excerpt":{"rendered":"<p>HomeV.2025 Enhanced WorkflowV.2024 and olderSigniFlow Primeiros Passos: Vis\u00e3o Geral do Sistema Principal VIDEOS EM DESTAQUE Treinamento b\u00e1sico do usu\u00e1rio Signiflow treinamento b\u00e1sico do usu\u00e1rio, mostra como come\u00e7ar com Signiflow e navegar na interface. Nestes v\u00eddeos, voc\u00ea vai aprender tudo sobre suas fun\u00e7\u00f5es Signiflow Profile e Dashboard, bem como como configurar &#8230; <a href=\"https:\/\/www.signiflow.com\/academy\/pt-br\/treinamento-basico-do-usuario-v-2025\/\" class=\"more-link\">Read More<\/a><\/p>\n","protected":false},"author":29,"featured_media":0,"parent":0,"menu_order":9,"comment_status":"closed","ping_status":"closed","template":"template-blank-4.php","meta":{"footnotes":""},"class_list":["post-7025","page","type-page","status-publish","hentry","no-post-thumbnail"],"yoast_head":"<!-- This site is optimized with the Yoast SEO Premium plugin v25.3 (Yoast SEO v27.2) - https:\/\/yoast.com\/product\/yoast-seo-premium-wordpress\/ -->\n<title>Treinamento b\u00e1sico do usu\u00e1rio - SigniFlow \u00ae - Academy<\/title>\n<meta name=\"robots\" content=\"index, follow, max-snippet:-1, max-image-preview:large, max-video-preview:-1\" \/>\n<link rel=\"canonical\" href=\"https:\/\/www.signiflow.com\/academy\/pt-br\/treinamento-basico-do-usuario-v-2025\/\" \/>\n<meta property=\"og:locale\" content=\"pt_BR\" \/>\n<meta property=\"og:type\" content=\"article\" \/>\n<meta property=\"og:title\" content=\"Treinamento b\u00e1sico do usu\u00e1rio\" \/>\n<meta property=\"og:description\" content=\"HomeV.2025 Enhanced WorkflowV.2024 and olderSigniFlow Primeiros Passos: Vis\u00e3o Geral do Sistema Principal VIDEOS EM DESTAQUE Treinamento b\u00e1sico do usu\u00e1rio Signiflow treinamento b\u00e1sico do usu\u00e1rio, mostra como come\u00e7ar com Signiflow e navegar na interface. Nestes v\u00eddeos, voc\u00ea vai aprender tudo sobre suas fun\u00e7\u00f5es Signiflow Profile e Dashboard, bem como como configurar ... Read More\" \/>\n<meta property=\"og:url\" content=\"https:\/\/www.signiflow.com\/academy\/pt-br\/treinamento-basico-do-usuario-v-2025\/\" \/>\n<meta property=\"og:site_name\" content=\"SigniFlow \u00ae - Academy\" \/>\n<meta property=\"article:modified_time\" content=\"2026-03-09T20:40:33+00:00\" \/>\n<meta name=\"twitter:card\" content=\"summary_large_image\" \/>\n<meta name=\"twitter:label1\" content=\"Est. tempo de leitura\" \/>\n\t<meta name=\"twitter:data1\" content=\"6 minutos\" \/>\n<script type=\"application\/ld+json\" class=\"yoast-schema-graph\">{\"@context\":\"https:\/\/schema.org\",\"@graph\":[{\"@type\":\"WebPage\",\"@id\":\"https:\/\/www.signiflow.com\/academy\/pt-br\/treinamento-basico-do-usuario-v-2025\/\",\"url\":\"https:\/\/www.signiflow.com\/academy\/pt-br\/treinamento-basico-do-usuario-v-2025\/\",\"name\":\"Treinamento b\u00e1sico do usu\u00e1rio - SigniFlow \u00ae - Academy\",\"isPartOf\":{\"@id\":\"https:\/\/www.signiflow.com\/academy\/#website\"},\"datePublished\":\"2024-11-21T09:38:34+00:00\",\"dateModified\":\"2026-03-09T20:40:33+00:00\",\"breadcrumb\":{\"@id\":\"https:\/\/www.signiflow.com\/academy\/pt-br\/treinamento-basico-do-usuario-v-2025\/#breadcrumb\"},\"inLanguage\":\"pt-BR\",\"potentialAction\":[{\"@type\":\"ReadAction\",\"target\":[\"https:\/\/www.signiflow.com\/academy\/pt-br\/treinamento-basico-do-usuario-v-2025\/\"]}]},{\"@type\":\"BreadcrumbList\",\"@id\":\"https:\/\/www.signiflow.com\/academy\/pt-br\/treinamento-basico-do-usuario-v-2025\/#breadcrumb\",\"itemListElement\":[{\"@type\":\"ListItem\",\"position\":1,\"name\":\"Home\",\"item\":\"https:\/\/www.signiflow.com\/academy\/pt-br\/pagina-principal\/\"},{\"@type\":\"ListItem\",\"position\":2,\"name\":\"Treinamento b\u00e1sico do usu\u00e1rio\"}]},{\"@type\":\"WebSite\",\"@id\":\"https:\/\/www.signiflow.com\/academy\/#website\",\"url\":\"https:\/\/www.signiflow.com\/academy\/\",\"name\":\"SigniFlow \u00ae - Academy\",\"description\":\"Digital and Electronic Signature Workflow\",\"potentialAction\":[{\"@type\":\"SearchAction\",\"target\":{\"@type\":\"EntryPoint\",\"urlTemplate\":\"https:\/\/www.signiflow.com\/academy\/?s={search_term_string}\"},\"query-input\":{\"@type\":\"PropertyValueSpecification\",\"valueRequired\":true,\"valueName\":\"search_term_string\"}}],\"inLanguage\":\"pt-BR\"}]}<\/script>\n<!-- \/ Yoast SEO Premium plugin. -->","yoast_head_json":{"title":"Treinamento b\u00e1sico do usu\u00e1rio - SigniFlow \u00ae - Academy","robots":{"index":"index","follow":"follow","max-snippet":"max-snippet:-1","max-image-preview":"max-image-preview:large","max-video-preview":"max-video-preview:-1"},"canonical":"https:\/\/www.signiflow.com\/academy\/pt-br\/treinamento-basico-do-usuario-v-2025\/","og_locale":"pt_BR","og_type":"article","og_title":"Treinamento b\u00e1sico do usu\u00e1rio","og_description":"HomeV.2025 Enhanced WorkflowV.2024 and olderSigniFlow Primeiros Passos: Vis\u00e3o Geral do Sistema Principal VIDEOS EM DESTAQUE Treinamento b\u00e1sico do usu\u00e1rio Signiflow treinamento b\u00e1sico do usu\u00e1rio, mostra como come\u00e7ar com Signiflow e navegar na interface. Nestes v\u00eddeos, voc\u00ea vai aprender tudo sobre suas fun\u00e7\u00f5es Signiflow Profile e Dashboard, bem como como configurar ... Read More","og_url":"https:\/\/www.signiflow.com\/academy\/pt-br\/treinamento-basico-do-usuario-v-2025\/","og_site_name":"SigniFlow \u00ae - Academy","article_modified_time":"2026-03-09T20:40:33+00:00","twitter_card":"summary_large_image","twitter_misc":{"Est. tempo de leitura":"6 minutos"},"schema":{"@context":"https:\/\/schema.org","@graph":[{"@type":"WebPage","@id":"https:\/\/www.signiflow.com\/academy\/pt-br\/treinamento-basico-do-usuario-v-2025\/","url":"https:\/\/www.signiflow.com\/academy\/pt-br\/treinamento-basico-do-usuario-v-2025\/","name":"Treinamento b\u00e1sico do usu\u00e1rio - SigniFlow \u00ae - Academy","isPartOf":{"@id":"https:\/\/www.signiflow.com\/academy\/#website"},"datePublished":"2024-11-21T09:38:34+00:00","dateModified":"2026-03-09T20:40:33+00:00","breadcrumb":{"@id":"https:\/\/www.signiflow.com\/academy\/pt-br\/treinamento-basico-do-usuario-v-2025\/#breadcrumb"},"inLanguage":"pt-BR","potentialAction":[{"@type":"ReadAction","target":["https:\/\/www.signiflow.com\/academy\/pt-br\/treinamento-basico-do-usuario-v-2025\/"]}]},{"@type":"BreadcrumbList","@id":"https:\/\/www.signiflow.com\/academy\/pt-br\/treinamento-basico-do-usuario-v-2025\/#breadcrumb","itemListElement":[{"@type":"ListItem","position":1,"name":"Home","item":"https:\/\/www.signiflow.com\/academy\/pt-br\/pagina-principal\/"},{"@type":"ListItem","position":2,"name":"Treinamento b\u00e1sico do usu\u00e1rio"}]},{"@type":"WebSite","@id":"https:\/\/www.signiflow.com\/academy\/#website","url":"https:\/\/www.signiflow.com\/academy\/","name":"SigniFlow \u00ae - Academy","description":"Digital and Electronic Signature Workflow","potentialAction":[{"@type":"SearchAction","target":{"@type":"EntryPoint","urlTemplate":"https:\/\/www.signiflow.com\/academy\/?s={search_term_string}"},"query-input":{"@type":"PropertyValueSpecification","valueRequired":true,"valueName":"search_term_string"}}],"inLanguage":"pt-BR"}]}},"_links":{"self":[{"href":"https:\/\/www.signiflow.com\/academy\/pt-br\/wp-json\/wp\/v2\/pages\/7025","targetHints":{"allow":["GET"]}}],"collection":[{"href":"https:\/\/www.signiflow.com\/academy\/pt-br\/wp-json\/wp\/v2\/pages"}],"about":[{"href":"https:\/\/www.signiflow.com\/academy\/pt-br\/wp-json\/wp\/v2\/types\/page"}],"author":[{"embeddable":true,"href":"https:\/\/www.signiflow.com\/academy\/pt-br\/wp-json\/wp\/v2\/users\/29"}],"replies":[{"embeddable":true,"href":"https:\/\/www.signiflow.com\/academy\/pt-br\/wp-json\/wp\/v2\/comments?post=7025"}],"version-history":[{"count":0,"href":"https:\/\/www.signiflow.com\/academy\/pt-br\/wp-json\/wp\/v2\/pages\/7025\/revisions"}],"wp:attachment":[{"href":"https:\/\/www.signiflow.com\/academy\/pt-br\/wp-json\/wp\/v2\/media?parent=7025"}],"curies":[{"name":"wp","href":"https:\/\/api.w.org\/{rel}","templated":true}]}}