{"id":7061,"date":"2025-02-07T10:16:36","date_gmt":"2025-02-07T10:16:36","guid":{"rendered":"https:\/\/signiflowdev.wpengine.com\/academy\/advanced-user-training-v-2025-portuguese-brazil\/"},"modified":"2025-06-02T07:41:52","modified_gmt":"2025-06-02T07:41:52","slug":"treinamento-avancado-do-usuario-v-2025","status":"publish","type":"page","link":"https:\/\/www.signiflow.com\/academy\/pt-br\/treinamento-avancado-do-usuario-v-2025\/","title":{"rendered":"Treinamento avan\u00e7ado do usu\u00e1rio v.2025"},"content":{"rendered":"<div id=\"cs-content\" class=\"cs-content\"><\/div>\n","protected":false},"excerpt":{"rendered":"<p>HomeV.2025 Enhanced WorkflowV.2024 and olderTreinamento avan\u00e7ado do usu\u00e1rio Esta se\u00e7\u00e3o detalha os recursos mais avan\u00e7ados da Signiflow, que se aplicam principalmente aos administradores designados nas empresas. Os m\u00f3dulos cobrem Pastas de SigniFlow, configura\u00e7\u00f5es de perfil (certificado, selo da empresa, apar\u00eancia, software, etc), formul\u00e1rios (construtor e gerenciamento), cria\u00e7\u00e3o e uso de &#8230; <a href=\"https:\/\/www.signiflow.com\/academy\/pt-br\/treinamento-avancado-do-usuario-v-2025\/\" class=\"more-link\">Read More<\/a><\/p>\n","protected":false},"author":29,"featured_media":0,"parent":0,"menu_order":0,"comment_status":"closed","ping_status":"closed","template":"template-blank-4.php","meta":{"footnotes":""},"class_list":["post-7061","page","type-page","status-publish","hentry","no-post-thumbnail"],"yoast_head":"<!-- This site is optimized with the Yoast SEO Premium plugin v25.3 (Yoast SEO v27.5) - https:\/\/yoast.com\/product\/yoast-seo-premium-wordpress\/ -->\n<title>Treinamento avan\u00e7ado do usu\u00e1rio v.2025 - SigniFlow \u00ae - Academy<\/title>\n<meta name=\"robots\" content=\"index, follow, max-snippet:-1, max-image-preview:large, max-video-preview:-1\" \/>\n<link rel=\"canonical\" href=\"https:\/\/www.signiflow.com\/academy\/pt-br\/treinamento-avancado-do-usuario-v-2025\/\" \/>\n<meta property=\"og:locale\" content=\"pt_BR\" \/>\n<meta property=\"og:type\" content=\"article\" \/>\n<meta property=\"og:title\" content=\"Treinamento avan\u00e7ado do usu\u00e1rio v.2025\" \/>\n<meta property=\"og:description\" content=\"HomeV.2025 Enhanced WorkflowV.2024 and olderTreinamento avan\u00e7ado do usu\u00e1rio Esta se\u00e7\u00e3o detalha os recursos mais avan\u00e7ados da Signiflow, que se aplicam principalmente aos administradores designados nas empresas. Os m\u00f3dulos cobrem Pastas de SigniFlow, configura\u00e7\u00f5es de perfil (certificado, selo da empresa, apar\u00eancia, software, etc), formul\u00e1rios (construtor e gerenciamento), cria\u00e7\u00e3o e uso de ... Read More\" \/>\n<meta property=\"og:url\" content=\"https:\/\/www.signiflow.com\/academy\/pt-br\/treinamento-avancado-do-usuario-v-2025\/\" \/>\n<meta property=\"og:site_name\" content=\"SigniFlow \u00ae - Academy\" \/>\n<meta property=\"article:modified_time\" content=\"2025-06-02T07:41:52+00:00\" \/>\n<meta name=\"twitter:card\" content=\"summary_large_image\" \/>\n<meta name=\"twitter:label1\" content=\"Est. tempo de leitura\" \/>\n\t<meta name=\"twitter:data1\" content=\"4 minutos\" \/>\n<script type=\"application\/ld+json\" class=\"yoast-schema-graph\">{\"@context\":\"https:\\\/\\\/schema.org\",\"@graph\":[{\"@type\":\"WebPage\",\"@id\":\"https:\\\/\\\/www.signiflow.com\\\/academy\\\/pt-br\\\/treinamento-avancado-do-usuario-v-2025\\\/\",\"url\":\"https:\\\/\\\/www.signiflow.com\\\/academy\\\/pt-br\\\/treinamento-avancado-do-usuario-v-2025\\\/\",\"name\":\"Treinamento avan\u00e7ado do usu\u00e1rio v.2025 - SigniFlow \u00ae - Academy\",\"isPartOf\":{\"@id\":\"https:\\\/\\\/www.signiflow.com\\\/academy\\\/#website\"},\"datePublished\":\"2025-02-07T10:16:36+00:00\",\"dateModified\":\"2025-06-02T07:41:52+00:00\",\"breadcrumb\":{\"@id\":\"https:\\\/\\\/www.signiflow.com\\\/academy\\\/pt-br\\\/treinamento-avancado-do-usuario-v-2025\\\/#breadcrumb\"},\"inLanguage\":\"pt-BR\",\"potentialAction\":[{\"@type\":\"ReadAction\",\"target\":[\"https:\\\/\\\/www.signiflow.com\\\/academy\\\/pt-br\\\/treinamento-avancado-do-usuario-v-2025\\\/\"]}]},{\"@type\":\"BreadcrumbList\",\"@id\":\"https:\\\/\\\/www.signiflow.com\\\/academy\\\/pt-br\\\/treinamento-avancado-do-usuario-v-2025\\\/#breadcrumb\",\"itemListElement\":[{\"@type\":\"ListItem\",\"position\":1,\"name\":\"Home\",\"item\":\"https:\\\/\\\/www.signiflow.com\\\/academy\\\/pt-br\\\/pagina-principal\\\/\"},{\"@type\":\"ListItem\",\"position\":2,\"name\":\"Treinamento avan\u00e7ado do usu\u00e1rio v.2025\"}]},{\"@type\":\"WebSite\",\"@id\":\"https:\\\/\\\/www.signiflow.com\\\/academy\\\/#website\",\"url\":\"https:\\\/\\\/www.signiflow.com\\\/academy\\\/\",\"name\":\"SigniFlow \u00ae - Academy\",\"description\":\"Digital and Electronic Signature Workflow\",\"potentialAction\":[{\"@type\":\"SearchAction\",\"target\":{\"@type\":\"EntryPoint\",\"urlTemplate\":\"https:\\\/\\\/www.signiflow.com\\\/academy\\\/?s={search_term_string}\"},\"query-input\":{\"@type\":\"PropertyValueSpecification\",\"valueRequired\":true,\"valueName\":\"search_term_string\"}}],\"inLanguage\":\"pt-BR\"}]}<\/script>\n<!-- \/ Yoast SEO Premium plugin. -->","yoast_head_json":{"title":"Treinamento avan\u00e7ado do usu\u00e1rio v.2025 - SigniFlow \u00ae - Academy","robots":{"index":"index","follow":"follow","max-snippet":"max-snippet:-1","max-image-preview":"max-image-preview:large","max-video-preview":"max-video-preview:-1"},"canonical":"https:\/\/www.signiflow.com\/academy\/pt-br\/treinamento-avancado-do-usuario-v-2025\/","og_locale":"pt_BR","og_type":"article","og_title":"Treinamento avan\u00e7ado do usu\u00e1rio v.2025","og_description":"HomeV.2025 Enhanced WorkflowV.2024 and olderTreinamento avan\u00e7ado do usu\u00e1rio Esta se\u00e7\u00e3o detalha os recursos mais avan\u00e7ados da Signiflow, que se aplicam principalmente aos administradores designados nas empresas. Os m\u00f3dulos cobrem Pastas de SigniFlow, configura\u00e7\u00f5es de perfil (certificado, selo da empresa, apar\u00eancia, software, etc), formul\u00e1rios (construtor e gerenciamento), cria\u00e7\u00e3o e uso de ... Read More","og_url":"https:\/\/www.signiflow.com\/academy\/pt-br\/treinamento-avancado-do-usuario-v-2025\/","og_site_name":"SigniFlow \u00ae - Academy","article_modified_time":"2025-06-02T07:41:52+00:00","twitter_card":"summary_large_image","twitter_misc":{"Est. tempo de leitura":"4 minutos"},"schema":{"@context":"https:\/\/schema.org","@graph":[{"@type":"WebPage","@id":"https:\/\/www.signiflow.com\/academy\/pt-br\/treinamento-avancado-do-usuario-v-2025\/","url":"https:\/\/www.signiflow.com\/academy\/pt-br\/treinamento-avancado-do-usuario-v-2025\/","name":"Treinamento avan\u00e7ado do usu\u00e1rio v.2025 - SigniFlow \u00ae - Academy","isPartOf":{"@id":"https:\/\/www.signiflow.com\/academy\/#website"},"datePublished":"2025-02-07T10:16:36+00:00","dateModified":"2025-06-02T07:41:52+00:00","breadcrumb":{"@id":"https:\/\/www.signiflow.com\/academy\/pt-br\/treinamento-avancado-do-usuario-v-2025\/#breadcrumb"},"inLanguage":"pt-BR","potentialAction":[{"@type":"ReadAction","target":["https:\/\/www.signiflow.com\/academy\/pt-br\/treinamento-avancado-do-usuario-v-2025\/"]}]},{"@type":"BreadcrumbList","@id":"https:\/\/www.signiflow.com\/academy\/pt-br\/treinamento-avancado-do-usuario-v-2025\/#breadcrumb","itemListElement":[{"@type":"ListItem","position":1,"name":"Home","item":"https:\/\/www.signiflow.com\/academy\/pt-br\/pagina-principal\/"},{"@type":"ListItem","position":2,"name":"Treinamento avan\u00e7ado do usu\u00e1rio v.2025"}]},{"@type":"WebSite","@id":"https:\/\/www.signiflow.com\/academy\/#website","url":"https:\/\/www.signiflow.com\/academy\/","name":"SigniFlow \u00ae - Academy","description":"Digital and Electronic Signature Workflow","potentialAction":[{"@type":"SearchAction","target":{"@type":"EntryPoint","urlTemplate":"https:\/\/www.signiflow.com\/academy\/?s={search_term_string}"},"query-input":{"@type":"PropertyValueSpecification","valueRequired":true,"valueName":"search_term_string"}}],"inLanguage":"pt-BR"}]}},"_links":{"self":[{"href":"https:\/\/www.signiflow.com\/academy\/pt-br\/wp-json\/wp\/v2\/pages\/7061","targetHints":{"allow":["GET"]}}],"collection":[{"href":"https:\/\/www.signiflow.com\/academy\/pt-br\/wp-json\/wp\/v2\/pages"}],"about":[{"href":"https:\/\/www.signiflow.com\/academy\/pt-br\/wp-json\/wp\/v2\/types\/page"}],"author":[{"embeddable":true,"href":"https:\/\/www.signiflow.com\/academy\/pt-br\/wp-json\/wp\/v2\/users\/29"}],"replies":[{"embeddable":true,"href":"https:\/\/www.signiflow.com\/academy\/pt-br\/wp-json\/wp\/v2\/comments?post=7061"}],"version-history":[{"count":0,"href":"https:\/\/www.signiflow.com\/academy\/pt-br\/wp-json\/wp\/v2\/pages\/7061\/revisions"}],"wp:attachment":[{"href":"https:\/\/www.signiflow.com\/academy\/pt-br\/wp-json\/wp\/v2\/media?parent=7061"}],"curies":[{"name":"wp","href":"https:\/\/api.w.org\/{rel}","templated":true}]}}